{"id":8595,"date":"2025-08-02T16:56:31","date_gmt":"2025-08-02T16:56:31","guid":{"rendered":"https:\/\/choiexpert.com\/politique-de-confidentialite\/"},"modified":"2025-08-02T16:56:31","modified_gmt":"2025-08-02T16:56:31","slug":"politique-de-confidentialite","status":"publish","type":"page","link":"http:\/\/choiexpert.com\/fr\/politique-de-confidentialite\/","title":{"rendered":"Politique de confidentialit\u00e9"},"content":{"rendered":"\t\t<div data-elementor-type=\"wp-page\" data-elementor-id=\"8595\" class=\"elementor elementor-8595\" data-elementor-post-type=\"page\">\n\t\t\t\t<div class=\"elementor-element elementor-element-151d37f9 e-flex e-con-boxed e-con e-parent\" data-id=\"151d37f9\" data-element_type=\"container\" data-e-type=\"container\" data-settings=\"{&quot;background_background&quot;:&quot;classic&quot;}\">\n\t\t\t\t\t<div class=\"e-con-inner\">\n\t\t\t\t<div class=\"elementor-element elementor-element-1831503c elementor-widget elementor-widget-text-editor\" data-id=\"1831503c\" data-element_type=\"widget\" data-e-type=\"widget\" data-widget_type=\"text-editor.default\">\n\t\t\t\t<div class=\"elementor-widget-container\">\n\t\t\t\t\t\t\t\t\t<h1>Politique de confidentialit\u00e9<\/h1>\n<p>La pr\u00e9sente politique de confidentialit\u00e9 d\u00e9crit la mani\u00e8re dont la Clinique ChoiExpert (\u00ab nous \u00bb, \u00ab notre \u00bb ou \u201cnos\u201d) recueille, utilise, stocke et partage vos donn\u00e9es personnelles lorsque vous visitez notre site web, <code>https:\/\/choiexpert.com<\/code> (le \u00ab Site \u00bb). Nous nous engageons \u00e0 prot\u00e9ger votre vie priv\u00e9e et \u00e0 traiter vos donn\u00e9es avec transparence et attention. <\/p>\n<h2>Qui sommes-nous ?<\/h2>\n<p>L&rsquo;adresse de notre site web est la suivante :<code>https:\/\/choiexpert.com<\/code>. La clinique ChoiExpert est un \u00e9tablissement m\u00e9dical sp\u00e9cialis\u00e9 qui propose des services de transplantation et de restauration capillaire. <\/p>\n<h2>Quelles sont les donn\u00e9es personnelles que nous recueillons et pourquoi nous les recueillons ?<\/h2>\n<p>Nous recueillons divers types d&rsquo;informations \u00e0 des fins diff\u00e9rentes afin de vous fournir et d&rsquo;am\u00e9liorer nos services.<\/p>\n<h3>Commentaires<\/h3>\n<p>Lorsque les visiteurs laissent des commentaires sur le site, nous recueillons les donn\u00e9es figurant dans le formulaire de commentaires, ainsi que l&rsquo;adresse IP du visiteur et la cha\u00eene de l&rsquo;agent utilisateur du navigateur pour faciliter la d\u00e9tection des spams.<\/p>\n<p>Une cha\u00eene anonyme cr\u00e9\u00e9e \u00e0 partir de votre adresse \u00e9lectronique (\u00e9galement appel\u00e9e \u00ab hash \u00bb) peut \u00eatre fournie au service Gravatar pour v\u00e9rifier si vous l&rsquo;utilisez. La politique de confidentialit\u00e9 du service Gravatar est disponible ici : <a class=\"ng-star-inserted\" href=\"https:\/\/automattic.com\/privacy\/\" target=\"_blank\" rel=\"noopener\">https:\/\/automattic.com\/privacy\/<\/a>. Apr\u00e8s approbation de votre commentaire, votre photo de profil est visible par le public dans le contexte de votre commentaire.  <\/p>\n<h3>Les m\u00e9dias<\/h3>\n<p>Si vous t\u00e9l\u00e9chargez des images sur le site web, vous devez \u00e9viter de t\u00e9l\u00e9charger des images contenant des donn\u00e9es de localisation int\u00e9gr\u00e9es (EXIF GPS). Les visiteurs du site web peuvent t\u00e9l\u00e9charger et extraire toutes les donn\u00e9es de localisation des images sur le site web. <\/p>\n<h3>Formulaires de contact<\/h3>\n<p>Lorsque vous utilisez nos formulaires de contact, de consultation en ligne ou de prise de rendez-vous, nous recueillons les informations que vous nous fournissez, qui peuvent inclure :<\/p>\n<ul>\n<li>\n<p>Votre nom<\/p>\n<\/li>\n<li>\n<p>Adresse \u00e9lectronique<\/p>\n<\/li>\n<li>\n<p>Num\u00e9ro de t\u00e9l\u00e9phone<\/p>\n<\/li>\n<li>\n<p>D\u00e9tails de votre demande, y compris des informations de sant\u00e9 potentiellement sensibles li\u00e9es \u00e0 la perte de cheveux ou aux traitements souhait\u00e9s (par exemple, photos, ant\u00e9c\u00e9dents m\u00e9dicaux en rapport avec la transplantation de cheveux).<\/p>\n<\/li>\n<li>\n<p>Toute autre information que vous choisissez de fournir dans les champs de texte libre.<\/p>\n<\/li>\n<\/ul>\n<p>Nous recueillons ces informations pour :<\/p>\n<ul>\n<li>\n<p>R\u00e9pondre \u00e0 vos demandes et fournir une assistance \u00e0 la client\u00e8le.<\/p>\n<\/li>\n<li>\n<p>Fixer et confirmer les rendez-vous.<\/p>\n<\/li>\n<li>\n<p>Fournir des consultations en ligne et des \u00e9valuations initiales pour nos services.<\/p>\n<\/li>\n<li>\n<p>Comprendre vos besoins et adapter nos services \u00e0 vos besoins.<\/p>\n<\/li>\n<li>\n<p>Communiquer avec vous au sujet de nos services, promotions ou mises \u00e0 jour si vous avez choisi de recevoir de telles communications.<\/p>\n<\/li>\n<\/ul>\n<h3>Cookies<\/h3>\n<p>Si vous laissez un commentaire sur notre site, vous pouvez accepter que votre nom, votre adresse \u00e9lectronique et votre site web soient enregistr\u00e9s dans des cookies. Ces cookies sont destin\u00e9s \u00e0 vous faciliter la t\u00e2che, de sorte que vous n&rsquo;ayez pas \u00e0 fournir \u00e0 nouveau vos coordonn\u00e9es lorsque vous laissez un autre commentaire. Ces cookies ont une dur\u00e9e de vie d&rsquo;un an.  <\/p>\n<p>Si vous visitez notre page de connexion, nous installerons un cookie temporaire pour d\u00e9terminer si votre navigateur accepte les cookies. Ce cookie ne contient aucune donn\u00e9e personnelle et est supprim\u00e9 lorsque vous fermez votre navigateur. <\/p>\n<p>Lorsque vous vous connectez, nous installons \u00e9galement plusieurs cookies pour enregistrer vos informations de connexion et vos choix d&rsquo;affichage \u00e0 l&rsquo;\u00e9cran. Les cookies de connexion ont une dur\u00e9e de vie de deux jours et les cookies d&rsquo;options d&rsquo;\u00e9cran ont une dur\u00e9e de vie d&rsquo;un an. Si vous s\u00e9lectionnez l&rsquo;option \u00ab Se souvenir de moi \u00bb, votre connexion sera conserv\u00e9e pendant deux semaines. Si vous vous d\u00e9connectez de votre compte, les cookies de connexion seront supprim\u00e9s.   <\/p>\n<p>Si vous modifiez ou publiez un article, un cookie suppl\u00e9mentaire sera enregistr\u00e9 dans votre navigateur. Ce cookie ne contient aucune donn\u00e9e personnelle et indique simplement l&rsquo;identifiant de l&rsquo;article que vous venez de modifier. Il expire apr\u00e8s 1 jour.  <\/p>\n<h3>Contenu int\u00e9gr\u00e9 d&rsquo;autres sites web<\/h3>\n<p>Les articles de ce site peuvent contenir du contenu int\u00e9gr\u00e9 (par exemple des vid\u00e9os, des images, des articles, etc.). Le contenu int\u00e9gr\u00e9 provenant d&rsquo;autres sites web se comporte exactement de la m\u00eame mani\u00e8re que si le visiteur avait visit\u00e9 l&rsquo;autre site web. <\/p>\n<p>Ces sites web peuvent collecter des donn\u00e9es vous concernant, utiliser des cookies, int\u00e9grer un suivi suppl\u00e9mentaire par des tiers et surveiller votre interaction avec ce contenu int\u00e9gr\u00e9, y compris votre interaction avec le contenu int\u00e9gr\u00e9 si vous avez un compte et que vous \u00eates connect\u00e9 \u00e0 ce site web.<\/p>\n<h3>Analyse<\/h3>\n<p>Nous pouvons utiliser des services d&rsquo;analyse tiers, tels que Google Analytics, pour collecter des informations sur votre utilisation de notre site. Ces informations comprennent votre adresse IP, le type de navigateur, le syst\u00e8me d&rsquo;exploitation, les URL de r\u00e9f\u00e9rence, les pages consult\u00e9es, le temps pass\u00e9 sur les pages et les informations de conversion. Nous utilisons ces donn\u00e9es pour :  <\/p>\n<ul>\n<li>\n<p>Comprendre comment les visiteurs interagissent avec notre site web.<\/p>\n<\/li>\n<li>\n<p>Am\u00e9liorer la fonctionnalit\u00e9 et le contenu de notre site.<\/p>\n<\/li>\n<li>\n<p>Analyser le trafic et les tendances du site web.<\/p>\n<\/li>\n<li>\n<p>Optimiser nos efforts de marketing.<\/p>\n<\/li>\n<\/ul>\n<p>Ces donn\u00e9es sont g\u00e9n\u00e9ralement agr\u00e9g\u00e9es et anonymis\u00e9es dans la mesure du possible. Pour en savoir plus sur la mani\u00e8re dont Google utilise les donn\u00e9es lorsque vous utilisez les sites ou applications de ses partenaires, consultez le site <a class=\"ng-star-inserted\" href=\"https:\/\/policies.google.com\/technologies\/partner-sites\" target=\"_blank\" rel=\"noopener\">https:\/\/policies.google.com\/technologies\/partner-sites<\/a>. Vous pouvez d\u00e9sactiver Google Analytics en installant le module compl\u00e9mentaire de navigateur pour la d\u00e9sactivation de Google Analytics.  <\/p>\n<h2>Avec qui nous partageons vos donn\u00e9es<\/h2>\n<p>Nous ne partageons vos donn\u00e9es personnelles que si cela est n\u00e9cessaire aux fins d\u00e9crites dans la pr\u00e9sente politique de protection de la vie priv\u00e9e, avec votre consentement ou si la loi l&rsquo;exige. Nous pouvons partager vos donn\u00e9es avec <\/p>\n<ul>\n<li>\n<p><b>Notre \u00e9quipe m\u00e9dicale et notre personnel administratif<\/b> : Pour vous fournir des consultations, effectuer des traitements, g\u00e9rer les rendez-vous et offrir un soutien \u00e0 la client\u00e8le.<\/p>\n<\/li>\n<li>\n<p><b>Prestataires de services <\/b>: Nous pouvons partager des donn\u00e9es avec des fournisseurs de services tiers de confiance qui nous aident \u00e0 exploiter notre site web, \u00e0 mener nos activit\u00e9s ou \u00e0 vous fournir des services. Il peut s&rsquo;agir de : <\/p>\n<ul>\n<li>\n<p><b>Fournisseurs de services informatiques et d&rsquo;h\u00e9bergement<\/b> : Pour le stockage s\u00e9curis\u00e9 et la maintenance de notre site web et de nos donn\u00e9es.<\/p>\n<\/li>\n<li>\n<p><b>Organismes de traitement des paiements :<\/b> Si nous proposons des options de paiement en ligne pour des services ou des consultations.<\/p>\n<\/li>\n<li>\n<p><b>Partenaires marketing et publicitaires :<\/b> Pour nous aider \u00e0 atteindre des patients potentiels et \u00e0 mesurer l&rsquo;efficacit\u00e9 de nos campagnes. Cela peut impliquer le partage de donn\u00e9es agr\u00e9g\u00e9es ou d\u00e9personnalis\u00e9es. <\/p>\n<\/li>\n<li>\n<p><b>Fournisseurs d&rsquo;analyses <\/b>: (comme mentionn\u00e9 dans la section sur les analyses).<\/p>\n<\/li>\n<li>\n<p><b>Services de d\u00e9tection de spam :<\/b> (comme mentionn\u00e9 dans la section Commentaires).<\/p>\n<\/li>\n<\/ul>\n<\/li>\n<li>\n<p><b>Exigences l\u00e9gales<\/b> : Nous pouvons divulguer vos informations si la loi l&rsquo;exige ou en r\u00e9ponse \u00e0 des demandes valables \u00e9manant d&rsquo;autorit\u00e9s publiques (par exemple, une ordonnance d&rsquo;un tribunal ou d&rsquo;une agence gouvernementale).<\/p>\n<\/li>\n<li>\n<p><b>Transferts d&rsquo;activit\u00e9s<\/b> : En cas de fusion, d&rsquo;acquisition ou de vente de tout ou partie de nos actifs, vos donn\u00e9es personnelles peuvent \u00eatre transf\u00e9r\u00e9es dans le cadre de cette transaction.<\/p>\n<\/li>\n<\/ul>\n<p>Nous exigeons de tous les tiers qu&rsquo;ils respectent la s\u00e9curit\u00e9 de vos donn\u00e9es personnelles et qu&rsquo;ils les traitent conform\u00e9ment \u00e0 la loi. Nous ne vendons ni ne louons vos donn\u00e9es personnelles \u00e0 des tiers \u00e0 des fins de marketing ind\u00e9pendant. <\/p>\n<h2>Dur\u00e9e de conservation des donn\u00e9es<\/h2>\n<p>Si vous laissez un commentaire, celui-ci et ses m\u00e9tadonn\u00e9es sont conserv\u00e9s ind\u00e9finiment. Cela nous permet de reconna\u00eetre et d&rsquo;approuver automatiquement les commentaires de suivi au lieu de les conserver dans une file d&rsquo;attente de mod\u00e9ration. <\/p>\n<p>Pour les utilisateurs qui s&rsquo;inscrivent sur notre site web (le cas \u00e9ch\u00e9ant), nous stockons \u00e9galement les informations personnelles qu&rsquo;ils fournissent dans leur profil d&rsquo;utilisateur. Tous les utilisateurs peuvent consulter, modifier ou supprimer leurs informations personnelles \u00e0 tout moment (sauf qu&rsquo;ils ne peuvent pas changer leur nom d&rsquo;utilisateur). Les administrateurs du site web peuvent \u00e9galement consulter et modifier ces informations.  <\/p>\n<p>En ce qui concerne les donn\u00e9es collect\u00e9es par le biais de formulaires de contact ou pour la prise de rendez-vous et \u00e0 des fins m\u00e9dicales, nous conservons ces donn\u00e9es aussi longtemps que n\u00e9cessaire pour atteindre les objectifs pour lesquels elles ont \u00e9t\u00e9 collect\u00e9es, y compris pour des raisons juridiques, comptables ou d&rsquo;\u00e9tablissement de rapports, et conform\u00e9ment aux lois sur la conservation des dossiers m\u00e9dicaux en vigueur en Gr\u00e8ce.<\/p>\n<h2>Quels sont les droits dont vous disposez sur vos donn\u00e9es ?<\/h2>\n<p>Si vous avez un compte sur ce site, ou si vous avez laiss\u00e9 des commentaires, vous pouvez demander \u00e0 recevoir un fichier export\u00e9 des donn\u00e9es personnelles que nous d\u00e9tenons \u00e0 votre sujet, y compris toutes les donn\u00e9es que vous nous avez fournies. Vous pouvez \u00e9galement nous demander d&rsquo;effacer toutes les donn\u00e9es personnelles que nous d\u00e9tenons \u00e0 votre sujet. Cela n&rsquo;inclut pas les donn\u00e9es que nous sommes oblig\u00e9s de conserver \u00e0 des fins administratives, juridiques ou de s\u00e9curit\u00e9 (par exemple, les dossiers m\u00e9dicaux que nous sommes l\u00e9galement tenus de conserver).  <\/p>\n<p>Pour exercer ces droits, veuillez nous contacter en utilisant les informations fournies dans la section \u00ab Vos coordonn\u00e9es \u00bb ci-dessous.<\/p>\n<h2>O\u00f9 nous envoyons vos donn\u00e9es<\/h2>\n<p>Les commentaires des visiteurs peuvent \u00eatre v\u00e9rifi\u00e9s par un service automatis\u00e9 de d\u00e9tection des spams. Les donn\u00e9es peuvent \u00e9galement \u00eatre trait\u00e9es par des prestataires de services et des partenaires tiers situ\u00e9s en dehors de votre pays de r\u00e9sidence. Si les donn\u00e9es sont transf\u00e9r\u00e9es en dehors de l&rsquo;Espace \u00e9conomique europ\u00e9en (EEE), nous veillons \u00e0 ce que des garanties appropri\u00e9es soient mises en place, telles que des clauses contractuelles types approuv\u00e9es par la Commission europ\u00e9enne, afin de prot\u00e9ger vos donn\u00e9es.  <\/p>\n<h2>Vos coordonn\u00e9es<\/h2>\n<p>Si vous avez des questions ou des pr\u00e9occupations concernant la pr\u00e9sente politique de confidentialit\u00e9 ou nos pratiques en mati\u00e8re de donn\u00e9es, veuillez nous contacter \u00e0 l&rsquo;adresse suivante<\/p>\n<p>Clinique ChoiExpert Gr\u00e8ce<\/p>\n<p>4 Aristot\u00e9lous 54623,<\/p>\n<p>Thessalonique, Gr\u00e8ce<\/p>\n<p>Courriel : <a href=\"mailto:Info@choiexpert.com\">Info@choiexpert.com<\/a><\/p>\n<p>T\u00e9l\u00e9phone : <a href=\"tel:+30%20694%20889%204238\">+30 694 889 4238<\/a><\/p>\n<h3>Informations compl\u00e9mentaires<\/h3>\n<h4>Comment nous prot\u00e9geons vos donn\u00e9es<\/h4>\n<p>Nous mettons en \u0153uvre une s\u00e9rie de mesures de s\u00e9curit\u00e9 pour pr\u00e9server la s\u00e9curit\u00e9 de vos donn\u00e9es personnelles lorsque vous les soumettez ou y acc\u00e9dez. Ces mesures sont les suivantes <\/p>\n<ul>\n<li>\n<p><b>Cryptage <\/b>: Nous utilisons le cryptage SSL\/TLS pour les donn\u00e9es en transit afin de prot\u00e9ger les informations transmises sur l&rsquo;internet.<\/p>\n<\/li>\n<li>\n<p><b>Serveurs s\u00e9curis\u00e9s<\/b> : Notre site web et nos donn\u00e9es sont h\u00e9berg\u00e9s sur des serveurs s\u00e9curis\u00e9s dot\u00e9s de protections physiques et techniques appropri\u00e9es.<\/p>\n<\/li>\n<li>\n<p><b>Contr\u00f4les d&rsquo;acc\u00e8s <\/b>: L&rsquo;acc\u00e8s aux donn\u00e9es \u00e0 caract\u00e8re personnel est limit\u00e9 au personnel autoris\u00e9 qui a besoin de les conna\u00eetre.<\/p>\n<\/li>\n<li>\n<p><b>Audits de s\u00e9curit\u00e9 r\u00e9guliers<\/b> : Nous effectuons r\u00e9guli\u00e8rement des audits de s\u00e9curit\u00e9 et des \u00e9valuations de la vuln\u00e9rabilit\u00e9 afin d&rsquo;identifier les faiblesses potentielles et d&rsquo;y rem\u00e9dier.<\/p>\n<\/li>\n<li>\n<p><b>Formation du personnel <\/b>: Notre personnel re\u00e7oit une formation sur les meilleures pratiques en mati\u00e8re de protection des donn\u00e9es et de la vie priv\u00e9e.<\/p>\n<\/li>\n<li>\n<p><b>Principes HIPAA\/GDPR <\/b>: Bien qu&rsquo;op\u00e9rant principalement en Gr\u00e8ce, nous nous effor\u00e7ons d&rsquo;aligner nos pratiques de protection des donn\u00e9es sur les principes des lois internationales pertinentes en mati\u00e8re de protection des donn\u00e9es, y compris le GDPR (General Data Protection Regulation) pour nos patients europ\u00e9ens et en consid\u00e9rant les normes de confidentialit\u00e9 pertinentes pour les donn\u00e9es de sant\u00e9 comme les principes HIPAA pour les meilleures pratiques g\u00e9n\u00e9rales, le cas \u00e9ch\u00e9ant.<\/p>\n<\/li>\n<\/ul>\n<h4>Quelles sont les proc\u00e9dures mises en place en cas de violation des donn\u00e9es ?<\/h4>\n<p>Dans le cas improbable d&rsquo;une violation de donn\u00e9es, nous avons mis en place des proc\u00e9dures pour r\u00e9agir rapidement et efficacement. Ces proc\u00e9dures sont les suivantes <\/p>\n<ul>\n<li>\n<p>\u00c9valuation interne et endiguement de la violation.<\/p>\n<\/li>\n<li>\n<p>Notifier les personnes concern\u00e9es et les autorit\u00e9s comp\u00e9tentes conform\u00e9ment aux exigences l\u00e9gales applicables.<\/p>\n<\/li>\n<li>\n<p>la mise en \u0153uvre de mesures visant \u00e0 \u00e9viter que de tels \u00e9v\u00e9nements ne se produisent \u00e0 l&rsquo;avenir.<\/p>\n<\/li>\n<\/ul>\n<h4>Quels sont les tiers dont nous recevons des donn\u00e9es ?<\/h4>\n<p>En r\u00e8gle g\u00e9n\u00e9rale, nous recueillons les donn\u00e9es directement aupr\u00e8s de vous. Toutefois, dans certains cas, nous pouvons recevoir des donn\u00e9es de services tiers avec lesquels vous interagissez (par exemple, si vous vous connectez par le biais d&rsquo;un compte de m\u00e9dia social, ou si une recommandation est faite par un autre professionnel m\u00e9dical avec votre consentement). Toute donn\u00e9e re\u00e7ue de tiers sera trait\u00e9e conform\u00e9ment \u00e0 la pr\u00e9sente politique de confidentialit\u00e9.  <\/p>\n<h4>Quels sont les processus d\u00e9cisionnels automatis\u00e9s et\/ou le profilage que nous effectuons avec les donn\u00e9es des utilisateurs ?<\/h4>\n<p>Nous ne prenons pas de d\u00e9cisions automatis\u00e9es ni n&rsquo;effectuons de profilage qui produiraient des effets juridiques vous concernant ou qui vous affecteraient de mani\u00e8re significative de fa\u00e7on similaire. Nos processus impliquent une surveillance humaine, en particulier en ce qui concerne les consultations m\u00e9dicales et les d\u00e9cisions de traitement. <\/p>\n<h4>Exigences r\u00e9glementaires en mati\u00e8re d&rsquo;information de l&rsquo;industrie<\/h4>\n<p>En tant que clinique m\u00e9dicale op\u00e9rant en Gr\u00e8ce, nous adh\u00e9rons aux lois et r\u00e9glementations sur la protection des donn\u00e9es applicables en Gr\u00e8ce et dans l&rsquo;Union europ\u00e9enne (GDPR). Nous nous engageons \u00e0 maintenir la confidentialit\u00e9 et l&rsquo;int\u00e9grit\u00e9 de vos informations de sant\u00e9 comme l&rsquo;exigent ces r\u00e9glementations. <\/p>\n<hr>\t\t\t\t\t\t\t\t<\/div>\n\t\t\t\t<\/div>\n\t\t\t\t\t<\/div>\n\t\t\t\t<\/div>\n\t\t\t\t<\/div>\n\t\t","protected":false},"excerpt":{"rendered":"<p>Politique de confidentialit\u00e9 La pr\u00e9sente politique de confidentialit\u00e9 d\u00e9crit la mani\u00e8re dont la Clinique ChoiExpert (\u00ab nous \u00bb, \u00ab notre \u00bb ou \u201cnos\u201d) recueille, utilise, stocke et partage vos donn\u00e9es personnelles lorsque vous visitez notre site web, https:\/\/choiexpert.com (le \u00ab Site \u00bb). Nous nous engageons \u00e0 prot\u00e9ger votre vie priv\u00e9e et \u00e0 traiter vos donn\u00e9es [&hellip;]<\/p>\n","protected":false},"author":1,"featured_media":0,"parent":0,"menu_order":0,"comment_status":"closed","ping_status":"closed","template":"elementor_header_footer","meta":{"inline_featured_image":false,"footnotes":""},"class_list":["post-8595","page","type-page","status-publish","hentry"],"yoast_head":"<!-- This site is optimized with the Yoast SEO plugin v27.0 - https:\/\/yoast.com\/product\/yoast-seo-wordpress\/ -->\n<title>Politique de confidentialit\u00e9 - Experts en greffe de cheveux.<\/title>\n<meta name=\"robots\" content=\"index, follow, max-snippet:-1, max-image-preview:large, max-video-preview:-1\" \/>\n<link rel=\"canonical\" href=\"http:\/\/choiexpert.com\/fr\/politique-de-confidentialite\/\" \/>\n<meta property=\"og:locale\" content=\"fr_FR\" \/>\n<meta property=\"og:type\" content=\"article\" \/>\n<meta property=\"og:title\" content=\"Politique de confidentialit\u00e9 - Experts en greffe de cheveux.\" \/>\n<meta property=\"og:description\" content=\"Politique de confidentialit\u00e9 La pr\u00e9sente politique de confidentialit\u00e9 d\u00e9crit la mani\u00e8re dont la Clinique ChoiExpert (\u00ab nous \u00bb, \u00ab notre \u00bb ou \u201cnos\u201d) recueille, utilise, stocke et partage vos donn\u00e9es personnelles lorsque vous visitez notre site web, https:\/\/choiexpert.com (le \u00ab Site \u00bb). Nous nous engageons \u00e0 prot\u00e9ger votre vie priv\u00e9e et \u00e0 traiter vos donn\u00e9es [&hellip;]\" \/>\n<meta property=\"og:url\" content=\"http:\/\/choiexpert.com\/fr\/politique-de-confidentialite\/\" \/>\n<meta property=\"og:site_name\" content=\"Experts en greffe de cheveux\" \/>\n<meta name=\"twitter:card\" content=\"summary_large_image\" \/>\n<meta name=\"twitter:label1\" content=\"Dur\u00e9e de lecture estim\u00e9e\" \/>\n\t<meta name=\"twitter:data1\" content=\"11 minutes\" \/>\n<script type=\"application\/ld+json\" class=\"yoast-schema-graph\">{\"@context\":\"https:\/\/schema.org\",\"@graph\":[{\"@type\":\"WebPage\",\"@id\":\"http:\/\/choiexpert.com\/fr\/politique-de-confidentialite\/\",\"url\":\"http:\/\/choiexpert.com\/fr\/politique-de-confidentialite\/\",\"name\":\"Politique de confidentialit\u00e9 - Experts en greffe de cheveux.\",\"isPartOf\":{\"@id\":\"https:\/\/choiexpert.com\/#website\"},\"datePublished\":\"2025-08-02T16:56:31+00:00\",\"breadcrumb\":{\"@id\":\"http:\/\/choiexpert.com\/fr\/politique-de-confidentialite\/#breadcrumb\"},\"inLanguage\":\"fr-FR\",\"potentialAction\":[{\"@type\":\"ReadAction\",\"target\":[\"http:\/\/choiexpert.com\/fr\/politique-de-confidentialite\/\"]}]},{\"@type\":\"BreadcrumbList\",\"@id\":\"http:\/\/choiexpert.com\/fr\/politique-de-confidentialite\/#breadcrumb\",\"itemListElement\":[{\"@type\":\"ListItem\",\"position\":1,\"name\":\"Accueil\",\"item\":\"https:\/\/choiexpert.com\/\"},{\"@type\":\"ListItem\",\"position\":2,\"name\":\"Politique de confidentialit\u00e9\"}]},{\"@type\":\"WebSite\",\"@id\":\"https:\/\/choiexpert.com\/#website\",\"url\":\"https:\/\/choiexpert.com\/\",\"name\":\"Experts en greffe de cheveux\",\"description\":\"Centre de greffe et de perte de cheveux\",\"potentialAction\":[{\"@type\":\"SearchAction\",\"target\":{\"@type\":\"EntryPoint\",\"urlTemplate\":\"https:\/\/choiexpert.com\/?s={search_term_string}\"},\"query-input\":{\"@type\":\"PropertyValueSpecification\",\"valueRequired\":true,\"valueName\":\"search_term_string\"}}],\"inLanguage\":\"fr-FR\"}]}<\/script>\n<!-- \/ Yoast SEO plugin. -->","yoast_head_json":{"title":"Politique de confidentialit\u00e9 - Experts en greffe de cheveux.","robots":{"index":"index","follow":"follow","max-snippet":"max-snippet:-1","max-image-preview":"max-image-preview:large","max-video-preview":"max-video-preview:-1"},"canonical":"http:\/\/choiexpert.com\/fr\/politique-de-confidentialite\/","og_locale":"fr_FR","og_type":"article","og_title":"Politique de confidentialit\u00e9 - Experts en greffe de cheveux.","og_description":"Politique de confidentialit\u00e9 La pr\u00e9sente politique de confidentialit\u00e9 d\u00e9crit la mani\u00e8re dont la Clinique ChoiExpert (\u00ab nous \u00bb, \u00ab notre \u00bb ou \u201cnos\u201d) recueille, utilise, stocke et partage vos donn\u00e9es personnelles lorsque vous visitez notre site web, https:\/\/choiexpert.com (le \u00ab Site \u00bb). Nous nous engageons \u00e0 prot\u00e9ger votre vie priv\u00e9e et \u00e0 traiter vos donn\u00e9es [&hellip;]","og_url":"http:\/\/choiexpert.com\/fr\/politique-de-confidentialite\/","og_site_name":"Experts en greffe de cheveux","twitter_card":"summary_large_image","twitter_misc":{"Dur\u00e9e de lecture estim\u00e9e":"11 minutes"},"schema":{"@context":"https:\/\/schema.org","@graph":[{"@type":"WebPage","@id":"http:\/\/choiexpert.com\/fr\/politique-de-confidentialite\/","url":"http:\/\/choiexpert.com\/fr\/politique-de-confidentialite\/","name":"Politique de confidentialit\u00e9 - Experts en greffe de cheveux.","isPartOf":{"@id":"https:\/\/choiexpert.com\/#website"},"datePublished":"2025-08-02T16:56:31+00:00","breadcrumb":{"@id":"http:\/\/choiexpert.com\/fr\/politique-de-confidentialite\/#breadcrumb"},"inLanguage":"fr-FR","potentialAction":[{"@type":"ReadAction","target":["http:\/\/choiexpert.com\/fr\/politique-de-confidentialite\/"]}]},{"@type":"BreadcrumbList","@id":"http:\/\/choiexpert.com\/fr\/politique-de-confidentialite\/#breadcrumb","itemListElement":[{"@type":"ListItem","position":1,"name":"Accueil","item":"https:\/\/choiexpert.com\/"},{"@type":"ListItem","position":2,"name":"Politique de confidentialit\u00e9"}]},{"@type":"WebSite","@id":"https:\/\/choiexpert.com\/#website","url":"https:\/\/choiexpert.com\/","name":"Experts en greffe de cheveux","description":"Centre de greffe et de perte de cheveux","potentialAction":[{"@type":"SearchAction","target":{"@type":"EntryPoint","urlTemplate":"https:\/\/choiexpert.com\/?s={search_term_string}"},"query-input":{"@type":"PropertyValueSpecification","valueRequired":true,"valueName":"search_term_string"}}],"inLanguage":"fr-FR"}]}},"_links":{"self":[{"href":"http:\/\/choiexpert.com\/fr\/wp-json\/wp\/v2\/pages\/8595","targetHints":{"allow":["GET"]}}],"collection":[{"href":"http:\/\/choiexpert.com\/fr\/wp-json\/wp\/v2\/pages"}],"about":[{"href":"http:\/\/choiexpert.com\/fr\/wp-json\/wp\/v2\/types\/page"}],"author":[{"embeddable":true,"href":"http:\/\/choiexpert.com\/fr\/wp-json\/wp\/v2\/users\/1"}],"replies":[{"embeddable":true,"href":"http:\/\/choiexpert.com\/fr\/wp-json\/wp\/v2\/comments?post=8595"}],"version-history":[{"count":0,"href":"http:\/\/choiexpert.com\/fr\/wp-json\/wp\/v2\/pages\/8595\/revisions"}],"wp:attachment":[{"href":"http:\/\/choiexpert.com\/fr\/wp-json\/wp\/v2\/media?parent=8595"}],"curies":[{"name":"wp","href":"https:\/\/api.w.org\/{rel}","templated":true}]}}