{"id":7566,"date":"2025-07-25T10:08:49","date_gmt":"2025-07-25T10:08:49","guid":{"rendered":"https:\/\/choiexpert.com\/nouvelles\/"},"modified":"2026-01-01T16:31:08","modified_gmt":"2026-01-01T16:31:08","slug":"nouvelles","status":"publish","type":"page","link":"http:\/\/choiexpert.com\/fr\/nouvelles\/","title":{"rendered":"NOUVELLES"},"content":{"rendered":"\t\t<div data-elementor-type=\"wp-page\" data-elementor-id=\"7566\" class=\"elementor elementor-7566\" data-elementor-post-type=\"page\">\n\t\t\t\t<div class=\"elementor-element elementor-element-03adfff e-flex e-con-boxed elementor-invisible e-con e-parent\" data-id=\"03adfff\" data-element_type=\"container\" data-e-type=\"container\" data-settings=\"{&quot;background_background&quot;:&quot;classic&quot;,&quot;animation&quot;:&quot;fadeIn&quot;}\">\n\t\t\t\t\t<div class=\"e-con-inner\">\n\t\t\t\t<div class=\"elementor-element elementor-element-3336097 grad_text elementor-widget elementor-widget-heading\" data-id=\"3336097\" data-element_type=\"widget\" data-e-type=\"widget\" data-widget_type=\"heading.default\">\n\t\t\t\t<div class=\"elementor-widget-container\">\n\t\t\t\t\t<h2 class=\"elementor-heading-title elementor-size-default\"><span>NOUVELLES ET<\/span> ARTICLES\n\n<\/h2>\t\t\t\t<\/div>\n\t\t\t\t<\/div>\n\t\t\t\t\t<\/div>\n\t\t\t\t<\/div>\n\t\t<div class=\"elementor-element elementor-element-f8909ac e-flex e-con-boxed e-con e-parent\" data-id=\"f8909ac\" data-element_type=\"container\" data-e-type=\"container\" data-settings=\"{&quot;background_background&quot;:&quot;classic&quot;}\">\n\t\t\t\t\t<div class=\"e-con-inner\">\n\t\t\t\t<div class=\"elementor-element elementor-element-2a56f54 elementor-grid-3 elementor-grid-tablet-2 elementor-grid-mobile-1 elementor-posts--thumbnail-top elementor-card-shadow-yes elementor-posts__hover-gradient elementor-widget elementor-widget-posts\" data-id=\"2a56f54\" data-element_type=\"widget\" data-e-type=\"widget\" data-settings=\"{&quot;cards_columns&quot;:&quot;3&quot;,&quot;cards_columns_tablet&quot;:&quot;2&quot;,&quot;cards_columns_mobile&quot;:&quot;1&quot;,&quot;cards_row_gap&quot;:{&quot;unit&quot;:&quot;px&quot;,&quot;size&quot;:35,&quot;sizes&quot;:[]},&quot;cards_row_gap_tablet&quot;:{&quot;unit&quot;:&quot;px&quot;,&quot;size&quot;:&quot;&quot;,&quot;sizes&quot;:[]},&quot;cards_row_gap_mobile&quot;:{&quot;unit&quot;:&quot;px&quot;,&quot;size&quot;:&quot;&quot;,&quot;sizes&quot;:[]}}\" data-widget_type=\"posts.cards\">\n\t\t\t\t<div class=\"elementor-widget-container\">\n\t\t\t\t\t\t\t<div class=\"elementor-posts-container elementor-posts elementor-posts--skin-cards elementor-grid\" role=\"list\">\n\t\t\t\t<article class=\"elementor-post elementor-grid-item post-7512 post type-post status-publish format-standard has-post-thumbnail hentry category-restauration-des-cheveux\" role=\"listitem\">\n\t\t\t<div class=\"elementor-post__card\">\n\t\t\t\t<a class=\"elementor-post__thumbnail__link\" href=\"http:\/\/choiexpert.com\/fr\/cliniques-de-greffe-de-faux-cheveux-en-turquie\/\" tabindex=\"-1\" ><div class=\"elementor-post__thumbnail\"><img decoding=\"async\" width=\"300\" height=\"156\" src=\"http:\/\/choiexpert.com\/wp-content\/uploads\/2020\/02\/tu-stii-cine-te-opereaza-300x156.jpg\" class=\"attachment-medium size-medium wp-image-7513\" alt=\"\" srcset=\"http:\/\/choiexpert.com\/wp-content\/uploads\/2020\/02\/tu-stii-cine-te-opereaza-300x156.jpg 300w, http:\/\/choiexpert.com\/wp-content\/uploads\/2020\/02\/tu-stii-cine-te-opereaza-600x313.jpg 600w, http:\/\/choiexpert.com\/wp-content\/uploads\/2020\/02\/tu-stii-cine-te-opereaza.jpg 624w\" sizes=\"(max-width: 300px) 100vw, 300px\" \/><\/div><\/a>\n\t\t\t\t<div class=\"elementor-post__badge\">Restauration des cheveux<\/div>\n\t\t\t\t<div class=\"elementor-post__text\">\n\t\t\t\t<h3 class=\"elementor-post__title\">\n\t\t\t<a href=\"http:\/\/choiexpert.com\/fr\/cliniques-de-greffe-de-faux-cheveux-en-turquie\/\" >\n\t\t\t\tCliniques de greffe de faux cheveux en Turquie\t\t\t<\/a>\n\t\t<\/h3>\n\t\t\t\t<div class=\"elementor-post__excerpt\">\n\t\t\t<p>ISHRS LANCE LA CAMPAGNE DE SENSIBILISATION \u00ab\u00a0FIGHT THE FIGHT\u00a0\u00bb POUR LUTTER CONTRE LES PRATIQUES FRAUDULEUSES EN MATI\u00c8RE DE RESTAURATION CAPILLAIRE DANS LE MONDE ENTIER CHICAGO,<\/p>\n\t\t<\/div>\n\t\t\n\t\t<a class=\"elementor-post__read-more\" href=\"http:\/\/choiexpert.com\/fr\/cliniques-de-greffe-de-faux-cheveux-en-turquie\/\" aria-label=\"En savoir plus sur Cliniques de greffe de faux cheveux en Turquie\" tabindex=\"-1\" >\n\t\t\tLire la suite \"\t\t<\/a>\n\n\t\t\t\t<\/div>\n\t\t\t\t<div class=\"elementor-post__meta-data\">\n\t\t\t\t\t<span class=\"elementor-post-date\">\n\t\t\t25 juillet 2025\t\t<\/span>\n\t\t\t\t<span class=\"elementor-post-avatar\">\n\t\t\tAucun commentaire\t\t<\/span>\n\t\t\t\t<\/div>\n\t\t\t\t\t<\/div>\n\t\t<\/article>\n\t\t\t\t<article class=\"elementor-post elementor-grid-item post-7499 post type-post status-publish format-standard has-post-thumbnail hentry category-non-categorise\" role=\"listitem\">\n\t\t\t<div class=\"elementor-post__card\">\n\t\t\t\t<a class=\"elementor-post__thumbnail__link\" href=\"http:\/\/choiexpert.com\/fr\/perte-de-cheveux\/\" tabindex=\"-1\" ><div class=\"elementor-post__thumbnail\"><img fetchpriority=\"high\" decoding=\"async\" width=\"300\" height=\"200\" src=\"http:\/\/choiexpert.com\/wp-content\/uploads\/2020\/02\/shutterstock_1175928631-300x200.jpg\" class=\"attachment-medium size-medium wp-image-7500\" alt=\"Hair loss\" srcset=\"http:\/\/choiexpert.com\/wp-content\/uploads\/2020\/02\/shutterstock_1175928631-300x200.jpg 300w, http:\/\/choiexpert.com\/wp-content\/uploads\/2020\/02\/shutterstock_1175928631-1024x683.jpg 1024w, http:\/\/choiexpert.com\/wp-content\/uploads\/2020\/02\/shutterstock_1175928631-768x513.jpg 768w, http:\/\/choiexpert.com\/wp-content\/uploads\/2020\/02\/shutterstock_1175928631-600x400.jpg 600w, http:\/\/choiexpert.com\/wp-content\/uploads\/2020\/02\/shutterstock_1175928631-1199x800.jpg 1199w, http:\/\/choiexpert.com\/wp-content\/uploads\/2020\/02\/shutterstock_1175928631-1536x1025.jpg 1536w, http:\/\/choiexpert.com\/wp-content\/uploads\/2020\/02\/shutterstock_1175928631-2048x1367.jpg 2048w\" sizes=\"(max-width: 300px) 100vw, 300px\" \/><\/div><\/a>\n\t\t\t\t<div class=\"elementor-post__badge\">Non cat\u00e9goris\u00e9<\/div>\n\t\t\t\t<div class=\"elementor-post__text\">\n\t\t\t\t<h3 class=\"elementor-post__title\">\n\t\t\t<a href=\"http:\/\/choiexpert.com\/fr\/perte-de-cheveux\/\" >\n\t\t\t\tPerte de cheveux\t\t\t<\/a>\n\t\t<\/h3>\n\t\t\t\t<div class=\"elementor-post__excerpt\">\n\t\t\t<p>LES RAISONS DE LA PERTE DE CHEVEUX L&rsquo;alop\u00e9cie, terme qui d\u00e9signe l&rsquo;amincissement des cheveux et la chute des poils, est extr\u00eamement fr\u00e9quente et un certain<\/p>\n\t\t<\/div>\n\t\t\n\t\t<a class=\"elementor-post__read-more\" href=\"http:\/\/choiexpert.com\/fr\/perte-de-cheveux\/\" aria-label=\"En savoir plus sur Perte de cheveux\" tabindex=\"-1\" >\n\t\t\tLire la suite \"\t\t<\/a>\n\n\t\t\t\t<\/div>\n\t\t\t\t<div class=\"elementor-post__meta-data\">\n\t\t\t\t\t<span class=\"elementor-post-date\">\n\t\t\t25 juillet 2025\t\t<\/span>\n\t\t\t\t<span class=\"elementor-post-avatar\">\n\t\t\tAucun commentaire\t\t<\/span>\n\t\t\t\t<\/div>\n\t\t\t\t\t<\/div>\n\t\t<\/article>\n\t\t\t\t<\/div>\n\t\t\n\t\t\t\t\t\t<\/div>\n\t\t\t\t<\/div>\n\t\t\t\t\t<\/div>\n\t\t\t\t<\/div>\n\t\t\t\t<\/div>\n\t\t","protected":false},"excerpt":{"rendered":"<p>NOUVELLES ET ARTICLES<\/p>\n","protected":false},"author":2,"featured_media":7571,"parent":0,"menu_order":0,"comment_status":"closed","ping_status":"closed","template":"elementor_header_footer","meta":{"inline_featured_image":false,"footnotes":""},"class_list":["post-7566","page","type-page","status-publish","has-post-thumbnail","hentry"],"yoast_head":"<!-- This site is optimized with the Yoast SEO plugin v27.0 - https:\/\/yoast.com\/product\/yoast-seo-wordpress\/ -->\n<title>NOUVELLES - Experts en greffe de cheveux choiexpert.com<\/title>\n<meta name=\"description\" content=\"Vous cherchez une source fiable d&#039;informations actualis\u00e9es ? Restez avec nous pour obtenir les titres les plus r\u00e9cents, des rapports exclusifs et des informations fiables.\" \/>\n<meta name=\"robots\" content=\"index, follow, max-snippet:-1, max-image-preview:large, max-video-preview:-1\" \/>\n<link rel=\"canonical\" href=\"https:\/\/choiexpert.com\/fr\/nouvelles\/\" \/>\n<meta property=\"og:locale\" content=\"fr_FR\" \/>\n<meta property=\"og:type\" content=\"article\" \/>\n<meta property=\"og:title\" content=\"NOUVELLES - Experts en greffe de cheveux choiexpert.com\" \/>\n<meta property=\"og:description\" content=\"Vous cherchez une source fiable d&#039;informations actualis\u00e9es ? Restez avec nous pour obtenir les titres les plus r\u00e9cents, des rapports exclusifs et des informations fiables.\" \/>\n<meta property=\"og:url\" content=\"https:\/\/choiexpert.com\/fr\/nouvelles\/\" \/>\n<meta property=\"og:site_name\" content=\"Experts en greffe de cheveux\" \/>\n<meta property=\"article:modified_time\" content=\"2026-01-01T16:31:08+00:00\" \/>\n<meta property=\"og:image\" content=\"https:\/\/choiexpert.com\/wp-content\/uploads\/2019\/03\/blog-banner5.png\" \/>\n\t<meta property=\"og:image:width\" content=\"1352\" \/>\n\t<meta property=\"og:image:height\" content=\"209\" \/>\n\t<meta property=\"og:image:type\" content=\"image\/png\" \/>\n<meta name=\"twitter:card\" content=\"summary_large_image\" \/>\n<script type=\"application\/ld+json\" class=\"yoast-schema-graph\">{\"@context\":\"https:\/\/schema.org\",\"@graph\":[{\"@type\":\"WebPage\",\"@id\":\"https:\/\/choiexpert.com\/fr\/nouvelles\/\",\"url\":\"https:\/\/choiexpert.com\/fr\/nouvelles\/\",\"name\":\"NOUVELLES - Experts en greffe de cheveux choiexpert.com\",\"isPartOf\":{\"@id\":\"https:\/\/choiexpert.com\/el\/#website\"},\"primaryImageOfPage\":{\"@id\":\"https:\/\/choiexpert.com\/fr\/nouvelles\/#primaryimage\"},\"image\":{\"@id\":\"https:\/\/choiexpert.com\/fr\/nouvelles\/#primaryimage\"},\"thumbnailUrl\":\"http:\/\/choiexpert.com\/wp-content\/uploads\/2019\/03\/blog-banner5.png\",\"datePublished\":\"2025-07-25T10:08:49+00:00\",\"dateModified\":\"2026-01-01T16:31:08+00:00\",\"description\":\"Vous cherchez une source fiable d'informations actualis\u00e9es ? Restez avec nous pour obtenir les titres les plus r\u00e9cents, des rapports exclusifs et des informations fiables.\",\"breadcrumb\":{\"@id\":\"https:\/\/choiexpert.com\/fr\/nouvelles\/#breadcrumb\"},\"inLanguage\":\"fr-FR\",\"potentialAction\":[{\"@type\":\"ReadAction\",\"target\":[\"https:\/\/choiexpert.com\/fr\/nouvelles\/\"]}]},{\"@type\":\"ImageObject\",\"inLanguage\":\"fr-FR\",\"@id\":\"https:\/\/choiexpert.com\/fr\/nouvelles\/#primaryimage\",\"url\":\"http:\/\/choiexpert.com\/wp-content\/uploads\/2019\/03\/blog-banner5.png\",\"contentUrl\":\"http:\/\/choiexpert.com\/wp-content\/uploads\/2019\/03\/blog-banner5.png\",\"width\":1352,\"height\":209,\"caption\":\"news\"},{\"@type\":\"BreadcrumbList\",\"@id\":\"https:\/\/choiexpert.com\/fr\/nouvelles\/#breadcrumb\",\"itemListElement\":[{\"@type\":\"ListItem\",\"position\":1,\"name\":\"Accueil\",\"item\":\"https:\/\/choiexpert.com\/\"},{\"@type\":\"ListItem\",\"position\":2,\"name\":\"NOUVELLES\"}]},{\"@type\":\"WebSite\",\"@id\":\"https:\/\/choiexpert.com\/el\/#website\",\"url\":\"https:\/\/choiexpert.com\/el\/\",\"name\":\"Experts en greffe de cheveux\",\"description\":\"Centre de greffe et de perte de cheveux\",\"potentialAction\":[{\"@type\":\"SearchAction\",\"target\":{\"@type\":\"EntryPoint\",\"urlTemplate\":\"https:\/\/choiexpert.com\/el\/?s={search_term_string}\"},\"query-input\":{\"@type\":\"PropertyValueSpecification\",\"valueRequired\":true,\"valueName\":\"search_term_string\"}}],\"inLanguage\":\"fr-FR\"}]}<\/script>\n<!-- \/ Yoast SEO plugin. -->","yoast_head_json":{"title":"NOUVELLES - Experts en greffe de cheveux choiexpert.com","description":"Vous cherchez une source fiable d'informations actualis\u00e9es ? Restez avec nous pour obtenir les titres les plus r\u00e9cents, des rapports exclusifs et des informations fiables.","robots":{"index":"index","follow":"follow","max-snippet":"max-snippet:-1","max-image-preview":"max-image-preview:large","max-video-preview":"max-video-preview:-1"},"canonical":"https:\/\/choiexpert.com\/fr\/nouvelles\/","og_locale":"fr_FR","og_type":"article","og_title":"NOUVELLES - Experts en greffe de cheveux choiexpert.com","og_description":"Vous cherchez une source fiable d'informations actualis\u00e9es ? Restez avec nous pour obtenir les titres les plus r\u00e9cents, des rapports exclusifs et des informations fiables.","og_url":"https:\/\/choiexpert.com\/fr\/nouvelles\/","og_site_name":"Experts en greffe de cheveux","article_modified_time":"2026-01-01T16:31:08+00:00","og_image":[{"width":1352,"height":209,"url":"https:\/\/choiexpert.com\/wp-content\/uploads\/2019\/03\/blog-banner5.png","type":"image\/png"}],"twitter_card":"summary_large_image","schema":{"@context":"https:\/\/schema.org","@graph":[{"@type":"WebPage","@id":"https:\/\/choiexpert.com\/fr\/nouvelles\/","url":"https:\/\/choiexpert.com\/fr\/nouvelles\/","name":"NOUVELLES - Experts en greffe de cheveux choiexpert.com","isPartOf":{"@id":"https:\/\/choiexpert.com\/el\/#website"},"primaryImageOfPage":{"@id":"https:\/\/choiexpert.com\/fr\/nouvelles\/#primaryimage"},"image":{"@id":"https:\/\/choiexpert.com\/fr\/nouvelles\/#primaryimage"},"thumbnailUrl":"http:\/\/choiexpert.com\/wp-content\/uploads\/2019\/03\/blog-banner5.png","datePublished":"2025-07-25T10:08:49+00:00","dateModified":"2026-01-01T16:31:08+00:00","description":"Vous cherchez une source fiable d'informations actualis\u00e9es ? Restez avec nous pour obtenir les titres les plus r\u00e9cents, des rapports exclusifs et des informations fiables.","breadcrumb":{"@id":"https:\/\/choiexpert.com\/fr\/nouvelles\/#breadcrumb"},"inLanguage":"fr-FR","potentialAction":[{"@type":"ReadAction","target":["https:\/\/choiexpert.com\/fr\/nouvelles\/"]}]},{"@type":"ImageObject","inLanguage":"fr-FR","@id":"https:\/\/choiexpert.com\/fr\/nouvelles\/#primaryimage","url":"http:\/\/choiexpert.com\/wp-content\/uploads\/2019\/03\/blog-banner5.png","contentUrl":"http:\/\/choiexpert.com\/wp-content\/uploads\/2019\/03\/blog-banner5.png","width":1352,"height":209,"caption":"news"},{"@type":"BreadcrumbList","@id":"https:\/\/choiexpert.com\/fr\/nouvelles\/#breadcrumb","itemListElement":[{"@type":"ListItem","position":1,"name":"Accueil","item":"https:\/\/choiexpert.com\/"},{"@type":"ListItem","position":2,"name":"NOUVELLES"}]},{"@type":"WebSite","@id":"https:\/\/choiexpert.com\/el\/#website","url":"https:\/\/choiexpert.com\/el\/","name":"Experts en greffe de cheveux","description":"Centre de greffe et de perte de cheveux","potentialAction":[{"@type":"SearchAction","target":{"@type":"EntryPoint","urlTemplate":"https:\/\/choiexpert.com\/el\/?s={search_term_string}"},"query-input":{"@type":"PropertyValueSpecification","valueRequired":true,"valueName":"search_term_string"}}],"inLanguage":"fr-FR"}]}},"_links":{"self":[{"href":"http:\/\/choiexpert.com\/fr\/wp-json\/wp\/v2\/pages\/7566","targetHints":{"allow":["GET"]}}],"collection":[{"href":"http:\/\/choiexpert.com\/fr\/wp-json\/wp\/v2\/pages"}],"about":[{"href":"http:\/\/choiexpert.com\/fr\/wp-json\/wp\/v2\/types\/page"}],"author":[{"embeddable":true,"href":"http:\/\/choiexpert.com\/fr\/wp-json\/wp\/v2\/users\/2"}],"replies":[{"embeddable":true,"href":"http:\/\/choiexpert.com\/fr\/wp-json\/wp\/v2\/comments?post=7566"}],"version-history":[{"count":0,"href":"http:\/\/choiexpert.com\/fr\/wp-json\/wp\/v2\/pages\/7566\/revisions"}],"wp:featuredmedia":[{"embeddable":true,"href":"http:\/\/choiexpert.com\/fr\/wp-json\/wp\/v2\/media\/7571"}],"wp:attachment":[{"href":"http:\/\/choiexpert.com\/fr\/wp-json\/wp\/v2\/media?parent=7566"}],"curies":[{"name":"wp","href":"https:\/\/api.w.org\/{rel}","templated":true}]}}