{"id":8598,"date":"2025-08-02T17:15:49","date_gmt":"2025-08-02T17:15:49","guid":{"rendered":"https:\/\/choiexpert.com\/datenschutzbestimmungen\/"},"modified":"2025-08-02T17:15:49","modified_gmt":"2025-08-02T17:15:49","slug":"datenschutzbestimmungen","status":"publish","type":"page","link":"http:\/\/choiexpert.com\/de\/datenschutzbestimmungen\/","title":{"rendered":"Datenschutzbestimmungen"},"content":{"rendered":"\t\t<div data-elementor-type=\"wp-page\" data-elementor-id=\"8598\" class=\"elementor elementor-8598\" data-elementor-post-type=\"page\">\n\t\t\t\t<div class=\"elementor-element elementor-element-151d37f9 e-flex e-con-boxed e-con e-parent\" data-id=\"151d37f9\" data-element_type=\"container\" data-e-type=\"container\" data-settings=\"{&quot;background_background&quot;:&quot;classic&quot;}\">\n\t\t\t\t\t<div class=\"e-con-inner\">\n\t\t\t\t<div class=\"elementor-element elementor-element-1831503c elementor-widget elementor-widget-text-editor\" data-id=\"1831503c\" data-element_type=\"widget\" data-e-type=\"widget\" data-widget_type=\"text-editor.default\">\n\t\t\t\t<div class=\"elementor-widget-container\">\n\t\t\t\t\t\t\t\t\t<h1>Datenschutzbestimmungen<\/h1>\n<p>Diese Datenschutzrichtlinie beschreibt, wie ChoiExpert Clinic (\u201ewir\u201c, \u201eunser\u201c oder \u201auns\u2018) Ihre pers\u00f6nlichen Daten erhebt, verwendet, speichert und weitergibt, wenn Sie unsere Website <code>https:\/\/choiexpert.com<\/code> (die \u201eWebsite\u201c) besuchen. Wir verpflichten uns, Ihre Privatsph\u00e4re zu sch\u00fctzen und Ihre Daten mit Transparenz und Sorgfalt zu behandeln. <\/p>\n<h2>Wer wir sind<\/h2>\n<p>Die Adresse unserer Website lautet: <code>https:\/\/choiexpert.com<\/code>. Die ChoiExpert Clinic ist eine spezialisierte medizinische Einrichtung, die Haartransplantation und -wiederherstellung anbietet. <\/p>\n<h2>Welche pers\u00f6nlichen Daten wir sammeln und warum wir sie sammeln<\/h2>\n<p>Wir sammeln verschiedene Arten von Informationen zu unterschiedlichen Zwecken, um unsere Dienstleistungen f\u00fcr Sie bereitzustellen und zu verbessern.<\/p>\n<h3>Kommentare<\/h3>\n<p>Wenn Besucher Kommentare auf der Website hinterlassen, erfassen wir die im Kommentarformular angezeigten Daten sowie die IP-Adresse des Besuchers und den User-Agent-String des Browsers, um die Spam-Erkennung zu erleichtern.<\/p>\n<p>Eine anonymisierte Zeichenfolge, die aus Ihrer E-Mail-Adresse erstellt wird (auch Hash genannt), kann dem Gravatar-Dienst zur Verf\u00fcgung gestellt werden, um zu sehen, ob Sie ihn benutzen. Die Datenschutzrichtlinien des Gravatar-Dienstes finden Sie hier: <a class=\"ng-star-inserted\" href=\"https:\/\/automattic.com\/privacy\/\" target=\"_blank\" rel=\"noopener\">https:\/\/automattic.com\/privacy\/<\/a>. Nach der Freigabe Ihres Kommentars ist Ihr Profilbild im Zusammenhang mit Ihrem Kommentar \u00f6ffentlich sichtbar.  <\/p>\n<h3>Medien<\/h3>\n<p>Wenn Sie Bilder auf die Website hochladen, sollten Sie es vermeiden, Bilder hochzuladen, die eingebettete Standortdaten (EXIF-GPS) enthalten. Die Besucher der Website k\u00f6nnen alle Standortdaten von den Bildern auf der Website herunterladen und extrahieren. <\/p>\n<h3>Kontaktformulare<\/h3>\n<p>Wenn Sie unsere Kontaktformulare, Online-Konsultationsformulare oder Terminbuchungsformulare verwenden, erfassen wir die von Ihnen bereitgestellten Informationen, zu denen auch die folgenden geh\u00f6ren k\u00f6nnen:<\/p>\n<ul>\n<li>\n<p>Ihr Name<\/p>\n<\/li>\n<li>\n<p>E-Mail Adresse<\/p>\n<\/li>\n<li>\n<p>Rufnummer<\/p>\n<\/li>\n<li>\n<p>Einzelheiten zu Ihrer Anfrage, einschlie\u00dflich potenziell sensibler Gesundheitsinformationen im Zusammenhang mit Haarausfall oder gew\u00fcnschten Behandlungen (z. B. Fotos, eine f\u00fcr die Haartransplantation relevante Krankengeschichte).<\/p>\n<\/li>\n<li>\n<p>Alle anderen Informationen, die Sie in den freien Textfeldern angeben m\u00f6chten.<\/p>\n<\/li>\n<\/ul>\n<p>Wir sammeln diese Informationen, um:<\/p>\n<ul>\n<li>\n<p>Beantworten Sie Ihre Anfragen und leisten Sie Kundensupport.<\/p>\n<\/li>\n<li>\n<p>Planen und best\u00e4tigen Sie Termine.<\/p>\n<\/li>\n<li>\n<p>Bieten Sie Online-Beratungen und Erstbewertungen f\u00fcr unsere Dienstleistungen an.<\/p>\n<\/li>\n<li>\n<p>Ihre Bed\u00fcrfnisse zu verstehen und unsere Dienstleistungen auf Sie zuzuschneiden.<\/p>\n<\/li>\n<li>\n<p>mit Ihnen \u00fcber unsere Dienstleistungen, Werbeaktionen oder Aktualisierungen zu kommunizieren, wenn Sie sich f\u00fcr den Erhalt solcher Mitteilungen entschieden haben.<\/p>\n<\/li>\n<\/ul>\n<h3>Cookies<\/h3>\n<p>Wenn Sie einen Kommentar auf unserer Website hinterlassen, k\u00f6nnen Sie sich damit einverstanden erkl\u00e4ren, dass Ihr Name, Ihre E-Mail-Adresse und Ihre Website in Cookies gespeichert werden. Dies dient Ihrer Bequemlichkeit, damit Sie Ihre Daten nicht erneut eingeben m\u00fcssen, wenn Sie einen weiteren Kommentar hinterlassen. Diese Cookies bleiben ein Jahr lang gespeichert.  <\/p>\n<p>Wenn Sie unsere Anmeldeseite besuchen, setzen wir ein tempor\u00e4res Cookie, um festzustellen, ob Ihr Browser Cookies zul\u00e4sst. Dieses Cookie enth\u00e4lt keine pers\u00f6nlichen Daten und wird gel\u00f6scht, wenn Sie Ihren Browser schlie\u00dfen. <\/p>\n<p>Wenn Sie sich anmelden, legen wir au\u00dferdem mehrere Cookies an, um Ihre Anmeldeinformationen und die von Ihnen gew\u00e4hlten Bildschirmoptionen zu speichern. Die Anmelde-Cookies bleiben zwei Tage lang gespeichert, die Cookies f\u00fcr die Bildschirmoptionen ein Jahr lang. Wenn Sie \u201eRemember Me\u201c w\u00e4hlen, bleibt Ihr Login zwei Wochen lang erhalten. Wenn Sie sich von Ihrem Konto abmelden, werden die Anmelde-Cookies entfernt.   <\/p>\n<p>Wenn Sie einen Artikel bearbeiten oder ver\u00f6ffentlichen, wird ein zus\u00e4tzliches Cookie in Ihrem Browser gespeichert. Dieses Cookie enth\u00e4lt keine pers\u00f6nlichen Daten und zeigt lediglich die Post-ID des Artikels an, den Sie gerade bearbeitet haben. Er verf\u00e4llt nach 1 Tag.  <\/p>\n<h3>Eingebettete Inhalte von anderen Websites<\/h3>\n<p>Die Artikel auf dieser Website k\u00f6nnen eingebettete Inhalte (z. B. Videos, Bilder, Artikel usw.) enthalten. Eingebettete Inhalte von anderen Websites verhalten sich genau so, als ob der Besucher die andere Website besucht h\u00e4tte. <\/p>\n<p>Diese Websites k\u00f6nnen Daten \u00fcber Sie sammeln, Cookies verwenden, zus\u00e4tzliche Trackingfunktionen von Dritten einbetten und Ihre Interaktion mit diesen eingebetteten Inhalten \u00fcberwachen, einschlie\u00dflich der Verfolgung Ihrer Interaktion mit den eingebetteten Inhalten, wenn Sie ein Konto haben und auf dieser Website angemeldet sind.<\/p>\n<h3>Analytik<\/h3>\n<p>Wir k\u00f6nnen Analysedienste Dritter, wie z. B. Google Analytics, nutzen, um Informationen \u00fcber Ihre Nutzung unserer Website zu sammeln. Zu diesen Informationen geh\u00f6ren Ihre IP-Adresse, der Browsertyp, das Betriebssystem, die verweisenden URLs, die aufgerufenen Seiten, die Verweildauer auf den Seiten und die Konversionsdaten. Wir verwenden diese Daten, um:  <\/p>\n<ul>\n<li>\n<p>Verstehen, wie Besucher mit unserer Website interagieren.<\/p>\n<\/li>\n<li>\n<p>Verbesserung der Funktionalit\u00e4t und des Inhalts unserer Website.<\/p>\n<\/li>\n<li>\n<p>Analysieren Sie den Website-Verkehr und Trends.<\/p>\n<\/li>\n<li>\n<p>Optimieren Sie unsere Marketingbem\u00fchungen.<\/p>\n<\/li>\n<\/ul>\n<p>Diese Daten werden in der Regel zusammengefasst und soweit m\u00f6glich anonymisiert. Sie k\u00f6nnen mehr dar\u00fcber erfahren, wie Google Daten verwendet, wenn Sie die Websites oder Anwendungen seiner Partner nutzen:<a class=\"ng-star-inserted\" href=\"https:\/\/policies.google.com\/technologies\/partner-sites\" target=\"_blank\" rel=\"noopener\"> https:\/\/policies.google.com\/technologies\/partner-sites<\/a>. Sie k\u00f6nnen Google Analytics deaktivieren, indem Sie das Browser-Add-on zur Deaktivierung von Google Analytics installieren.  <\/p>\n<h2>Mit wem wir Ihre Daten teilen<\/h2>\n<p>Wir geben Ihre pers\u00f6nlichen Daten nur dann weiter, wenn dies f\u00fcr die in dieser Datenschutzrichtlinie beschriebenen Zwecke erforderlich ist, wenn Sie zustimmen oder wenn dies gesetzlich vorgeschrieben ist. Wir k\u00f6nnen Ihre Daten weitergeben an: <\/p>\n<ul>\n<li>\n<p><b>Unser medizinisches Team und unser Verwaltungspersonal<\/b>: Wir beraten Sie, f\u00fchren Behandlungen durch, verwalten Termine und bieten Kundenbetreuung.<\/p>\n<\/li>\n<li>\n<p><b>Dienstanbieter<\/b>: Wir k\u00f6nnen Daten an vertrauensw\u00fcrdige Drittanbieter weitergeben, die uns beim Betrieb unserer Website, bei der Abwicklung unserer Gesch\u00e4fte oder bei der Bereitstellung von Dienstleistungen f\u00fcr Sie unterst\u00fctzen. Dazu k\u00f6nnen geh\u00f6ren: <\/p>\n<ul>\n<li>\n<p><b>IT- und Hosting-Anbieter<\/b>: F\u00fcr die sichere Speicherung und Wartung unserer Website und Daten.<\/p>\n<\/li>\n<li>\n<p><b>Zahlungsabwickler<\/b>: Wenn wir Online-Zahlungsoptionen f\u00fcr Dienstleistungen oder Beratungen anbieten.<\/p>\n<\/li>\n<li>\n<p><b>Marketing- und Werbepartner<\/b>: Um uns zu helfen, potenzielle Patienten zu erreichen und die Wirksamkeit unserer Kampagnen zu messen. Dies kann die Weitergabe von aggregierten oder de-identifizierten Daten beinhalten. <\/p>\n<\/li>\n<li>\n<p><b>Analytik-Anbieter<\/b>: (wie im Abschnitt \u201eAnalytik\u201c erw\u00e4hnt).<\/p>\n<\/li>\n<li>\n<p><b>Spam-Erkennungsdienste<\/b>: (wie im Abschnitt \u201eKommentare\u201c erw\u00e4hnt).<\/p>\n<\/li>\n<\/ul>\n<\/li>\n<li>\n<p><b>Gesetzliche Anforderungen<\/b>: Wir k\u00f6nnen Ihre Daten offenlegen, wenn dies gesetzlich vorgeschrieben ist oder als Reaktion auf berechtigte Anfragen von Beh\u00f6rden (z. B. Gerichtsbeschluss oder Regierungsbeh\u00f6rde).<\/p>\n<\/li>\n<li>\n<p><b>Gesch\u00e4fts\u00fcbertragungen<\/b>: Im Falle einer Fusion, einer \u00dcbernahme oder eines Verkaufs aller oder eines Teils unserer Verm\u00f6genswerte k\u00f6nnen Ihre personenbezogenen Daten als Teil dieser Transaktion \u00fcbertragen werden.<\/p>\n<\/li>\n<\/ul>\n<p>Wir verlangen von allen Dritten, dass sie die Sicherheit Ihrer personenbezogenen Daten respektieren und sie in \u00dcbereinstimmung mit dem Gesetz behandeln. Wir verkaufen oder vermieten Ihre personenbezogenen Daten nicht an Dritte f\u00fcr deren unabh\u00e4ngige Marketingzwecke. <\/p>\n<h2>Wie lange wir Ihre Daten aufbewahren<\/h2>\n<p>Wenn Sie einen Kommentar hinterlassen, werden der Kommentar und seine Metadaten auf unbestimmte Zeit gespeichert. Auf diese Weise k\u00f6nnen wir Folgekommentare automatisch erkennen und genehmigen, anstatt sie in einer Moderationswarteschlange zu halten. <\/p>\n<p>F\u00fcr Benutzer, die sich auf unserer Website registrieren (falls vorhanden), speichern wir auch die pers\u00f6nlichen Informationen, die sie in ihrem Benutzerprofil angeben. Alle Nutzer k\u00f6nnen ihre pers\u00f6nlichen Daten jederzeit einsehen, bearbeiten oder l\u00f6schen (sie k\u00f6nnen jedoch ihren Benutzernamen nicht \u00e4ndern). Auch die Administratoren der Website k\u00f6nnen diese Informationen einsehen und bearbeiten.  <\/p>\n<p>Daten, die \u00fcber Kontaktformulare oder f\u00fcr Terminbuchungen und medizinische Zwecke erhoben werden, speichern wir so lange, wie es f\u00fcr die Erf\u00fcllung der Zwecke, f\u00fcr die sie erhoben wurden, erforderlich ist, einschlie\u00dflich rechtlicher, buchhalterischer oder berichtstechnischer Anforderungen und in \u00dcbereinstimmung mit den in Griechenland geltenden Gesetzen zur Aufbewahrung von Krankenakten.<\/p>\n<h2>Welche Rechte Sie an Ihren Daten haben<\/h2>\n<p>Wenn Sie ein Konto auf dieser Website haben oder Kommentare hinterlassen haben, k\u00f6nnen Sie eine exportierte Datei mit den personenbezogenen Daten anfordern, die wir \u00fcber Sie gespeichert haben, einschlie\u00dflich aller Daten, die Sie uns zur Verf\u00fcgung gestellt haben. Sie k\u00f6nnen auch verlangen, dass wir alle personenbezogenen Daten, die wir \u00fcber Sie gespeichert haben, l\u00f6schen. Davon ausgenommen sind Daten, die wir aus verwaltungstechnischen, rechtlichen oder sicherheitsrelevanten Gr\u00fcnden aufbewahren m\u00fcssen (z. B. medizinische Aufzeichnungen, zu deren Aufbewahrung wir gesetzlich verpflichtet sind).  <\/p>\n<p>Um diese Rechte auszu\u00fcben, wenden Sie sich bitte an uns, indem Sie die im Abschnitt \u201eIhre Kontaktdaten\u201c unten angegebenen Informationen verwenden.<\/p>\n<h2>Wohin wir Ihre Daten senden<\/h2>\n<p>Besucherkommentare k\u00f6nnen durch einen automatischen Spam-Erkennungsdienst \u00fcberpr\u00fcft werden. Die Daten k\u00f6nnen auch von Drittanbietern und Partnern verarbeitet werden, die sich au\u00dferhalb Ihres Wohnsitzlandes befinden. Wenn Daten au\u00dferhalb des Europ\u00e4ischen Wirtschaftsraums (EWR) \u00fcbertragen werden, stellen wir sicher, dass angemessene Schutzma\u00dfnahmen vorhanden sind, wie z. B. von der Europ\u00e4ischen Kommission genehmigte Standardvertragsklauseln, um Ihre Daten zu sch\u00fctzen.  <\/p>\n<h2>Ihre Kontaktinformationen<\/h2>\n<p>Wenn Sie Fragen oder Bedenken zu dieser Datenschutzrichtlinie oder unseren Datenpraktiken haben, wenden Sie sich bitte an uns:<\/p>\n<p>ChoiExpert Klinik Griechenland<\/p>\n<p>4 Aristot\u00e9lous 54623,<\/p>\n<p>Thessaloniki, Griechenland<\/p>\n<p>E-Mail: <a href=\"mailto:Info@choiexpert.com\">Info@choiexpert.com<\/a><\/p>\n<p>Telefon: <a href=\"tel:+30%20694%20889%204238\">+30 694 889 4238<\/a><\/p>\n<h3>Zus\u00e4tzliche Informationen<\/h3>\n<h4>Wie wir Ihre Daten sch\u00fctzen<\/h4>\n<p>Wir setzen eine Reihe von Sicherheitsma\u00dfnahmen ein, um die Sicherheit Ihrer pers\u00f6nlichen Daten zu gew\u00e4hrleisten, wenn Sie diese \u00fcbermitteln oder auf sie zugreifen. Diese Ma\u00dfnahmen umfassen: <\/p>\n<ul>\n<li>\n<p><b>Verschl\u00fcsselung<\/b>: Wir verwenden SSL\/TLS-Verschl\u00fcsselung f\u00fcr die Daten\u00fcbertragung, um die \u00fcber das Internet \u00fcbermittelten Informationen zu sch\u00fctzen.<\/p>\n<\/li>\n<li>\n<p><b>Sichere Server<\/b>: Unsere Website und unsere Daten werden auf sicheren Servern mit entsprechenden physischen und technischen Sicherheitsvorkehrungen gehostet.<\/p>\n<\/li>\n<li>\n<p><b>Zugangskontrollen<\/b>: Der Zugriff auf personenbezogene Daten ist auf autorisiertes Personal beschr\u00e4nkt, das diese Daten kennen muss.<\/p>\n<\/li>\n<li>\n<p><b>Regelm\u00e4\u00dfige Sicherheitspr\u00fcfungen<\/b>: Wir f\u00fchren regelm\u00e4\u00dfig Sicherheitsaudits und Schwachstellenbewertungen durch, um potenzielle Schwachstellen zu ermitteln und zu beheben.<\/p>\n<\/li>\n<li>\n<p><b>Schulung der Mitarbeiter<\/b>: Unsere Mitarbeiter erhalten Schulungen zu den besten Praktiken im Bereich Datenschutz und Privatsph\u00e4re.<\/p>\n<\/li>\n<li>\n<p><b>HIPAA\/GDPR-Grunds\u00e4tze<\/b>: Obwohl wir in erster Linie in Griechenland t\u00e4tig sind, bem\u00fchen wir uns, unsere Datenschutzpraktiken mit den Grunds\u00e4tzen der einschl\u00e4gigen internationalen Datenschutzgesetze in Einklang zu bringen, einschlie\u00dflich der GDPR (General Data Protection Regulation) f\u00fcr unsere europ\u00e4ischen Patienten und unter Ber\u00fccksichtigung von Datenschutzstandards, die f\u00fcr Gesundheitsdaten relevant sind, wie z. B. die HIPAA-Grunds\u00e4tze f\u00fcr allgemeine bew\u00e4hrte Praktiken, soweit angemessen.<\/p>\n<\/li>\n<\/ul>\n<h4>Welche Verfahren bei Datenschutzverletzungen wir haben<\/h4>\n<p>F\u00fcr den unwahrscheinlichen Fall einer Datenschutzverletzung haben wir Verfahren eingerichtet, um umgehend und wirksam zu reagieren. Dies beinhaltet: <\/p>\n<ul>\n<li>\n<p>Interne Bewertung und Eind\u00e4mmung der Sicherheitsverletzung.<\/p>\n<\/li>\n<li>\n<p>Benachrichtigung der betroffenen Personen und der zust\u00e4ndigen Beh\u00f6rden gem\u00e4\u00df den geltenden gesetzlichen Bestimmungen.<\/p>\n<\/li>\n<li>\n<p>Umsetzung von Ma\u00dfnahmen zur Verhinderung k\u00fcnftiger Vorf\u00e4lle.<\/p>\n<\/li>\n<\/ul>\n<h4>Von welchen Drittparteien wir Daten erhalten<\/h4>\n<p>Im Allgemeinen erheben wir Daten direkt von Ihnen. In einigen F\u00e4llen erhalten wir jedoch Daten von Diensten Dritter, mit denen Sie interagieren (z. B. wenn Sie sich \u00fcber ein Konto in den sozialen Medien anmelden oder wenn eine \u00dcberweisung von einer anderen medizinischen Fachkraft mit Ihrer Zustimmung vorgenommen wird). Alle Daten, die wir von Dritten erhalten, werden in \u00dcbereinstimmung mit dieser Datenschutzerkl\u00e4rung behandelt.  <\/p>\n<h4>Welche automatisierte Entscheidungsfindung und\/oder Profilerstellung wir mit Nutzerdaten durchf\u00fchren<\/h4>\n<p>Wir f\u00fchren keine automatisierte Entscheidungsfindung oder Profiling durch, die rechtliche Auswirkungen auf Sie haben oder Sie in \u00e4hnlicher Weise erheblich beeintr\u00e4chtigen w\u00fcrden. Unsere Prozesse werden von Menschen \u00fcberwacht, insbesondere bei medizinischen Konsultationen und Behandlungsentscheidungen. <\/p>\n<h4>Regulatorische Offenlegungspflichten der Industrie<\/h4>\n<p>Als eine in Griechenland t\u00e4tige medizinische Klinik halten wir uns an die in Griechenland und der Europ\u00e4ischen Union geltenden Datenschutzgesetze und -vorschriften (GDPR). Wir verpflichten uns, die Vertraulichkeit und Integrit\u00e4t Ihrer Gesundheitsdaten gem\u00e4\u00df diesen Vorschriften zu wahren. <\/p>\n<hr>\t\t\t\t\t\t\t\t<\/div>\n\t\t\t\t<\/div>\n\t\t\t\t\t<\/div>\n\t\t\t\t<\/div>\n\t\t\t\t<\/div>\n\t\t","protected":false},"excerpt":{"rendered":"<p>Datenschutzbestimmungen Diese Datenschutzrichtlinie beschreibt, wie ChoiExpert Clinic (\u201ewir\u201c, \u201eunser\u201c oder \u201auns\u2018) Ihre pers\u00f6nlichen Daten erhebt, verwendet, speichert und weitergibt, wenn Sie unsere Website https:\/\/choiexpert.com (die \u201eWebsite\u201c) besuchen. Wir verpflichten uns, Ihre Privatsph\u00e4re zu sch\u00fctzen und Ihre Daten mit Transparenz und Sorgfalt zu behandeln. Wer wir sind Die Adresse unserer Website lautet: https:\/\/choiexpert.com. Die ChoiExpert Clinic [&hellip;]<\/p>\n","protected":false},"author":1,"featured_media":0,"parent":0,"menu_order":0,"comment_status":"closed","ping_status":"closed","template":"elementor_header_footer","meta":{"inline_featured_image":false,"footnotes":""},"class_list":["post-8598","page","type-page","status-publish","hentry"],"yoast_head":"<!-- This site is optimized with the Yoast SEO plugin v27.0 - https:\/\/yoast.com\/product\/yoast-seo-wordpress\/ -->\n<title>-<\/title>\n<meta name=\"robots\" content=\"index, follow, max-snippet:-1, max-image-preview:large, max-video-preview:-1\" \/>\n<link rel=\"canonical\" href=\"http:\/\/choiexpert.com\/de\/datenschutzbestimmungen\/\" \/>\n<meta property=\"og:locale\" content=\"de_DE\" \/>\n<meta property=\"og:type\" content=\"article\" \/>\n<meta property=\"og:title\" content=\"-\" \/>\n<meta property=\"og:description\" content=\"Datenschutzbestimmungen Diese Datenschutzrichtlinie beschreibt, wie ChoiExpert Clinic (\u201ewir\u201c, \u201eunser\u201c oder \u201auns\u2018) Ihre pers\u00f6nlichen Daten erhebt, verwendet, speichert und weitergibt, wenn Sie unsere Website https:\/\/choiexpert.com (die \u201eWebsite\u201c) besuchen. Wir verpflichten uns, Ihre Privatsph\u00e4re zu sch\u00fctzen und Ihre Daten mit Transparenz und Sorgfalt zu behandeln. Wer wir sind Die Adresse unserer Website lautet: https:\/\/choiexpert.com. Die ChoiExpert Clinic [&hellip;]\" \/>\n<meta property=\"og:url\" content=\"http:\/\/choiexpert.com\/de\/datenschutzbestimmungen\/\" \/>\n<meta property=\"og:site_name\" content=\"Experten f\u00fcr Haartransplantation\" \/>\n<meta name=\"twitter:card\" content=\"summary_large_image\" \/>\n<meta name=\"twitter:label1\" content=\"Gesch\u00e4tzte Lesezeit\" \/>\n\t<meta name=\"twitter:data1\" content=\"9\u00a0Minuten\" \/>\n<script type=\"application\/ld+json\" class=\"yoast-schema-graph\">{\"@context\":\"https:\/\/schema.org\",\"@graph\":[{\"@type\":\"WebPage\",\"@id\":\"http:\/\/choiexpert.com\/de\/datenschutzbestimmungen\/\",\"url\":\"http:\/\/choiexpert.com\/de\/datenschutzbestimmungen\/\",\"name\":\"-\",\"isPartOf\":{\"@id\":\"https:\/\/choiexpert.com\/#website\"},\"datePublished\":\"2025-08-02T17:15:49+00:00\",\"breadcrumb\":{\"@id\":\"http:\/\/choiexpert.com\/de\/datenschutzbestimmungen\/#breadcrumb\"},\"inLanguage\":\"de\",\"potentialAction\":[{\"@type\":\"ReadAction\",\"target\":[\"http:\/\/choiexpert.com\/de\/datenschutzbestimmungen\/\"]}]},{\"@type\":\"BreadcrumbList\",\"@id\":\"http:\/\/choiexpert.com\/de\/datenschutzbestimmungen\/#breadcrumb\",\"itemListElement\":[{\"@type\":\"ListItem\",\"position\":1,\"name\":\"Startseite\",\"item\":\"https:\/\/choiexpert.com\/\"},{\"@type\":\"ListItem\",\"position\":2,\"name\":\"Datenschutzbestimmungen\"}]},{\"@type\":\"WebSite\",\"@id\":\"https:\/\/choiexpert.com\/#website\",\"url\":\"https:\/\/choiexpert.com\/\",\"name\":\"Experten f\u00fcr Haartransplantation\",\"description\":\"Zentrum f\u00fcr Haartransplantation und Haarausfall\",\"potentialAction\":[{\"@type\":\"SearchAction\",\"target\":{\"@type\":\"EntryPoint\",\"urlTemplate\":\"https:\/\/choiexpert.com\/?s={search_term_string}\"},\"query-input\":{\"@type\":\"PropertyValueSpecification\",\"valueRequired\":true,\"valueName\":\"search_term_string\"}}],\"inLanguage\":\"de\"}]}<\/script>\n<!-- \/ Yoast SEO plugin. -->","yoast_head_json":{"title":"-","robots":{"index":"index","follow":"follow","max-snippet":"max-snippet:-1","max-image-preview":"max-image-preview:large","max-video-preview":"max-video-preview:-1"},"canonical":"http:\/\/choiexpert.com\/de\/datenschutzbestimmungen\/","og_locale":"de_DE","og_type":"article","og_title":"-","og_description":"Datenschutzbestimmungen Diese Datenschutzrichtlinie beschreibt, wie ChoiExpert Clinic (\u201ewir\u201c, \u201eunser\u201c oder \u201auns\u2018) Ihre pers\u00f6nlichen Daten erhebt, verwendet, speichert und weitergibt, wenn Sie unsere Website https:\/\/choiexpert.com (die \u201eWebsite\u201c) besuchen. Wir verpflichten uns, Ihre Privatsph\u00e4re zu sch\u00fctzen und Ihre Daten mit Transparenz und Sorgfalt zu behandeln. Wer wir sind Die Adresse unserer Website lautet: https:\/\/choiexpert.com. Die ChoiExpert Clinic [&hellip;]","og_url":"http:\/\/choiexpert.com\/de\/datenschutzbestimmungen\/","og_site_name":"Experten f\u00fcr Haartransplantation","twitter_card":"summary_large_image","twitter_misc":{"Gesch\u00e4tzte Lesezeit":"9\u00a0Minuten"},"schema":{"@context":"https:\/\/schema.org","@graph":[{"@type":"WebPage","@id":"http:\/\/choiexpert.com\/de\/datenschutzbestimmungen\/","url":"http:\/\/choiexpert.com\/de\/datenschutzbestimmungen\/","name":"-","isPartOf":{"@id":"https:\/\/choiexpert.com\/#website"},"datePublished":"2025-08-02T17:15:49+00:00","breadcrumb":{"@id":"http:\/\/choiexpert.com\/de\/datenschutzbestimmungen\/#breadcrumb"},"inLanguage":"de","potentialAction":[{"@type":"ReadAction","target":["http:\/\/choiexpert.com\/de\/datenschutzbestimmungen\/"]}]},{"@type":"BreadcrumbList","@id":"http:\/\/choiexpert.com\/de\/datenschutzbestimmungen\/#breadcrumb","itemListElement":[{"@type":"ListItem","position":1,"name":"Startseite","item":"https:\/\/choiexpert.com\/"},{"@type":"ListItem","position":2,"name":"Datenschutzbestimmungen"}]},{"@type":"WebSite","@id":"https:\/\/choiexpert.com\/#website","url":"https:\/\/choiexpert.com\/","name":"Experten f\u00fcr Haartransplantation","description":"Zentrum f\u00fcr Haartransplantation und Haarausfall","potentialAction":[{"@type":"SearchAction","target":{"@type":"EntryPoint","urlTemplate":"https:\/\/choiexpert.com\/?s={search_term_string}"},"query-input":{"@type":"PropertyValueSpecification","valueRequired":true,"valueName":"search_term_string"}}],"inLanguage":"de"}]}},"_links":{"self":[{"href":"http:\/\/choiexpert.com\/de\/wp-json\/wp\/v2\/pages\/8598","targetHints":{"allow":["GET"]}}],"collection":[{"href":"http:\/\/choiexpert.com\/de\/wp-json\/wp\/v2\/pages"}],"about":[{"href":"http:\/\/choiexpert.com\/de\/wp-json\/wp\/v2\/types\/page"}],"author":[{"embeddable":true,"href":"http:\/\/choiexpert.com\/de\/wp-json\/wp\/v2\/users\/1"}],"replies":[{"embeddable":true,"href":"http:\/\/choiexpert.com\/de\/wp-json\/wp\/v2\/comments?post=8598"}],"version-history":[{"count":0,"href":"http:\/\/choiexpert.com\/de\/wp-json\/wp\/v2\/pages\/8598\/revisions"}],"wp:attachment":[{"href":"http:\/\/choiexpert.com\/de\/wp-json\/wp\/v2\/media?parent=8598"}],"curies":[{"name":"wp","href":"https:\/\/api.w.org\/{rel}","templated":true}]}}