{"id":7610,"date":"2025-07-25T10:09:01","date_gmt":"2025-07-25T10:09:01","guid":{"rendered":"https:\/\/choiexpert.com\/kontakt\/"},"modified":"2025-07-25T10:09:01","modified_gmt":"2025-07-25T10:09:01","slug":"kontakt","status":"publish","type":"page","link":"http:\/\/choiexpert.com\/de\/kontakt\/","title":{"rendered":"Kontakt"},"content":{"rendered":"\t\t<div data-elementor-type=\"wp-page\" data-elementor-id=\"7610\" class=\"elementor elementor-7610\" data-elementor-post-type=\"page\">\n\t\t\t\t<div class=\"elementor-element elementor-element-40c25b4 elementor-hidden-desktop elementor-hidden-tablet elementor-hidden-mobile e-flex e-con-boxed elementor-invisible e-con e-parent\" data-id=\"40c25b4\" data-element_type=\"container\" data-e-type=\"container\" data-settings=\"{&quot;background_background&quot;:&quot;classic&quot;,&quot;animation&quot;:&quot;fadeIn&quot;}\">\n\t\t\t\t\t<div class=\"e-con-inner\">\n\t\t<div class=\"elementor-element elementor-element-24f8338 e-con-full e-flex e-con e-child\" data-id=\"24f8338\" data-element_type=\"container\" data-e-type=\"container\">\n\t\t\t\t<div class=\"elementor-element elementor-element-08df182 grad_text elementor-widget elementor-widget-heading\" data-id=\"08df182\" data-element_type=\"widget\" data-e-type=\"widget\" data-widget_type=\"heading.default\">\n\t\t\t\t<div class=\"elementor-widget-container\">\n\t\t\t\t\t<h2 class=\"elementor-heading-title elementor-size-default\"><span>Willkommen!  <\/span>Bitte kontaktieren Sie uns\n<\/h2>\t\t\t\t<\/div>\n\t\t\t\t<\/div>\n\t\t\t\t<\/div>\n\t\t\t\t\t<\/div>\n\t\t\t\t<\/div>\n\t\t<div class=\"elementor-element elementor-element-8116ee0 team_member elementor-hidden-desktop elementor-hidden-tablet elementor-hidden-mobile e-flex e-con-boxed elementor-invisible e-con e-parent\" data-id=\"8116ee0\" data-element_type=\"container\" data-e-type=\"container\" data-settings=\"{&quot;background_background&quot;:&quot;classic&quot;,&quot;animation&quot;:&quot;fadeIn&quot;}\">\n\t\t\t\t\t<div class=\"e-con-inner\">\n\t\t<div class=\"elementor-element elementor-element-24d29dc e-con-full e-flex e-con e-child\" data-id=\"24d29dc\" data-element_type=\"container\" data-e-type=\"container\" data-settings=\"{&quot;background_background&quot;:&quot;gradient&quot;}\">\n\t\t\t\t<div class=\"elementor-element elementor-element-93c96ed elementor-widget elementor-widget-shortcode\" data-id=\"93c96ed\" data-element_type=\"widget\" data-e-type=\"widget\" data-widget_type=\"shortcode.default\">\n\t\t\t\t<div class=\"elementor-widget-container\">\n\t\t\t\t\t\t\t<div class=\"elementor-shortcode\"><p class=\"wpcf7-contact-form-not-found\"><strong>Fehler:<\/strong> Kontaktformular wurde nicht gefunden.<\/p><\/div>\n\t\t\t\t\t\t<\/div>\n\t\t\t\t<\/div>\n\t\t\t\t<\/div>\n\t\t\t\t\t<\/div>\n\t\t\t\t<\/div>\n\t\t<div class=\"elementor-element elementor-element-32ac959 team_member e-flex e-con-boxed elementor-invisible e-con e-parent\" data-id=\"32ac959\" data-element_type=\"container\" data-e-type=\"container\" data-settings=\"{&quot;background_background&quot;:&quot;gradient&quot;,&quot;animation&quot;:&quot;fadeIn&quot;}\">\n\t\t\t\t\t<div class=\"e-con-inner\">\n\t\t<div class=\"elementor-element elementor-element-1ccee1e e-con-full e-flex e-con e-child\" data-id=\"1ccee1e\" data-element_type=\"container\" data-e-type=\"container\" data-settings=\"{&quot;background_background&quot;:&quot;classic&quot;}\">\n\t\t\t\t<div class=\"elementor-element elementor-element-d2c975f grad_text elementor-widget elementor-widget-heading\" data-id=\"d2c975f\" data-element_type=\"widget\" data-e-type=\"widget\" data-widget_type=\"heading.default\">\n\t\t\t\t<div class=\"elementor-widget-container\">\n\t\t\t\t\t<h2 class=\"elementor-heading-title elementor-size-default\">EINEN R\u00dcCKRUF ANFORDERN<\/h2>\t\t\t\t<\/div>\n\t\t\t\t<\/div>\n\t\t\t\t<div class=\"elementor-element elementor-element-e5bd325 elementor-widget elementor-widget-text-editor\" data-id=\"e5bd325\" data-element_type=\"widget\" data-e-type=\"widget\" data-widget_type=\"text-editor.default\">\n\t\t\t\t<div class=\"elementor-widget-container\">\n\t\t\t\t\t\t\t\t\t<div class=\"text-center mb-8\" data-lov-id=\"src\/components\/ContactSection.tsx:69:14\" data-lov-name=\"div\" data-component-path=\"src\/components\/ContactSection.tsx\" data-component-line=\"69\" data-component-file=\"ContactSection.tsx\" data-component-name=\"div\" data-component-content=\"%7B%22className%22%3A%22text-center%20mb-8%22%7D\"><p class=\"text-slate-600\" data-lov-id=\"src\/components\/ContactSection.tsx:73:16\" data-lov-name=\"p\" data-component-path=\"src\/components\/ContactSection.tsx\" data-component-line=\"73\" data-component-file=\"ContactSection.tsx\" data-component-name=\"p\" data-component-content=\"%7B%22text%22%3A%22Fill%20out%20the%20form%20and%20we'll%20get%20back%20to%20you%20within%2024%20hours%22%2C%22className%22%3A%22text-slate-600%22%7D\">F\u00fcllen Sie das Formular aus und wir werden uns innerhalb von 24 Stunden bei Ihnen melden.<\/p><\/div>\t\t\t\t\t\t\t\t<\/div>\n\t\t\t\t<\/div>\n\t\t\t\t<div class=\"elementor-element elementor-element-d9b1af8 elementor-align-center elementor-widget elementor-widget-button\" data-id=\"d9b1af8\" data-element_type=\"widget\" data-e-type=\"widget\" data-widget_type=\"button.default\">\n\t\t\t\t<div class=\"elementor-widget-container\">\n\t\t\t\t\t\t\t\t\t<div class=\"elementor-button-wrapper\">\n\t\t\t\t\t<a class=\"elementor-button elementor-button-link elementor-size-sm\" href=\"https:\/\/forms.monday.com\/forms\/9140505a5d5390a8d62656d1fab476b8?r=euc1\" target=\"_blank\">\n\t\t\t\t\t\t<span class=\"elementor-button-content-wrapper\">\n\t\t\t\t\t\t\t\t\t<span class=\"elementor-button-text\">R\u00fcckruf anfordern<\/span>\n\t\t\t\t\t<\/span>\n\t\t\t\t\t<\/a>\n\t\t\t\t<\/div>\n\t\t\t\t\t\t\t\t<\/div>\n\t\t\t\t<\/div>\n\t\t\t\t<\/div>\n\t\t\t\t\t<\/div>\n\t\t\t\t<\/div>\n\t\t\t\t<\/div>\n\t\t","protected":false},"excerpt":{"rendered":"<p>Willkommen! Bitte kontaktieren Sie uns EINEN R\u00dcCKRUF ANFORDERN F\u00fcllen Sie das Formular aus und wir werden uns innerhalb von 24 Stunden bei Ihnen melden. R\u00fcckruf anfordern<\/p>\n","protected":false},"author":2,"featured_media":0,"parent":0,"menu_order":0,"comment_status":"closed","ping_status":"closed","template":"elementor_header_footer","meta":{"inline_featured_image":false,"footnotes":""},"class_list":["post-7610","page","type-page","status-publish","hentry"],"yoast_head":"<!-- This site is optimized with the Yoast SEO plugin v27.0 - https:\/\/yoast.com\/product\/yoast-seo-wordpress\/ -->\n<title>-<\/title>\n<meta name=\"robots\" content=\"index, follow, max-snippet:-1, max-image-preview:large, max-video-preview:-1\" \/>\n<link rel=\"canonical\" href=\"http:\/\/choiexpert.com\/de\/kontakt\/\" \/>\n<meta property=\"og:locale\" content=\"de_DE\" \/>\n<meta property=\"og:type\" content=\"article\" \/>\n<meta property=\"og:title\" content=\"-\" \/>\n<meta property=\"og:description\" content=\"Willkommen! Bitte kontaktieren Sie uns EINEN R\u00dcCKRUF ANFORDERN F\u00fcllen Sie das Formular aus und wir werden uns innerhalb von 24 Stunden bei Ihnen melden. R\u00fcckruf anfordern\" \/>\n<meta property=\"og:url\" content=\"http:\/\/choiexpert.com\/de\/kontakt\/\" \/>\n<meta property=\"og:site_name\" content=\"Experten f\u00fcr Haartransplantation\" \/>\n<meta name=\"twitter:card\" content=\"summary_large_image\" \/>\n<script type=\"application\/ld+json\" class=\"yoast-schema-graph\">{\"@context\":\"https:\/\/schema.org\",\"@graph\":[{\"@type\":\"WebPage\",\"@id\":\"http:\/\/choiexpert.com\/de\/kontakt\/\",\"url\":\"http:\/\/choiexpert.com\/de\/kontakt\/\",\"name\":\"-\",\"isPartOf\":{\"@id\":\"https:\/\/choiexpert.com\/el\/#website\"},\"datePublished\":\"2025-07-25T10:09:01+00:00\",\"breadcrumb\":{\"@id\":\"http:\/\/choiexpert.com\/de\/kontakt\/#breadcrumb\"},\"inLanguage\":\"de\",\"potentialAction\":[{\"@type\":\"ReadAction\",\"target\":[\"http:\/\/choiexpert.com\/de\/kontakt\/\"]}]},{\"@type\":\"BreadcrumbList\",\"@id\":\"http:\/\/choiexpert.com\/de\/kontakt\/#breadcrumb\",\"itemListElement\":[{\"@type\":\"ListItem\",\"position\":1,\"name\":\"Startseite\",\"item\":\"https:\/\/choiexpert.com\/\"},{\"@type\":\"ListItem\",\"position\":2,\"name\":\"Kontakt\"}]},{\"@type\":\"WebSite\",\"@id\":\"https:\/\/choiexpert.com\/el\/#website\",\"url\":\"https:\/\/choiexpert.com\/el\/\",\"name\":\"Experten f\u00fcr Haartransplantation\",\"description\":\"Zentrum f\u00fcr Haartransplantation und Haarausfall\",\"potentialAction\":[{\"@type\":\"SearchAction\",\"target\":{\"@type\":\"EntryPoint\",\"urlTemplate\":\"https:\/\/choiexpert.com\/el\/?s={search_term_string}\"},\"query-input\":{\"@type\":\"PropertyValueSpecification\",\"valueRequired\":true,\"valueName\":\"search_term_string\"}}],\"inLanguage\":\"de\"}]}<\/script>\n<!-- \/ Yoast SEO plugin. -->","yoast_head_json":{"title":"-","robots":{"index":"index","follow":"follow","max-snippet":"max-snippet:-1","max-image-preview":"max-image-preview:large","max-video-preview":"max-video-preview:-1"},"canonical":"http:\/\/choiexpert.com\/de\/kontakt\/","og_locale":"de_DE","og_type":"article","og_title":"-","og_description":"Willkommen! Bitte kontaktieren Sie uns EINEN R\u00dcCKRUF ANFORDERN F\u00fcllen Sie das Formular aus und wir werden uns innerhalb von 24 Stunden bei Ihnen melden. R\u00fcckruf anfordern","og_url":"http:\/\/choiexpert.com\/de\/kontakt\/","og_site_name":"Experten f\u00fcr Haartransplantation","twitter_card":"summary_large_image","schema":{"@context":"https:\/\/schema.org","@graph":[{"@type":"WebPage","@id":"http:\/\/choiexpert.com\/de\/kontakt\/","url":"http:\/\/choiexpert.com\/de\/kontakt\/","name":"-","isPartOf":{"@id":"https:\/\/choiexpert.com\/el\/#website"},"datePublished":"2025-07-25T10:09:01+00:00","breadcrumb":{"@id":"http:\/\/choiexpert.com\/de\/kontakt\/#breadcrumb"},"inLanguage":"de","potentialAction":[{"@type":"ReadAction","target":["http:\/\/choiexpert.com\/de\/kontakt\/"]}]},{"@type":"BreadcrumbList","@id":"http:\/\/choiexpert.com\/de\/kontakt\/#breadcrumb","itemListElement":[{"@type":"ListItem","position":1,"name":"Startseite","item":"https:\/\/choiexpert.com\/"},{"@type":"ListItem","position":2,"name":"Kontakt"}]},{"@type":"WebSite","@id":"https:\/\/choiexpert.com\/el\/#website","url":"https:\/\/choiexpert.com\/el\/","name":"Experten f\u00fcr Haartransplantation","description":"Zentrum f\u00fcr Haartransplantation und Haarausfall","potentialAction":[{"@type":"SearchAction","target":{"@type":"EntryPoint","urlTemplate":"https:\/\/choiexpert.com\/el\/?s={search_term_string}"},"query-input":{"@type":"PropertyValueSpecification","valueRequired":true,"valueName":"search_term_string"}}],"inLanguage":"de"}]}},"_links":{"self":[{"href":"http:\/\/choiexpert.com\/de\/wp-json\/wp\/v2\/pages\/7610","targetHints":{"allow":["GET"]}}],"collection":[{"href":"http:\/\/choiexpert.com\/de\/wp-json\/wp\/v2\/pages"}],"about":[{"href":"http:\/\/choiexpert.com\/de\/wp-json\/wp\/v2\/types\/page"}],"author":[{"embeddable":true,"href":"http:\/\/choiexpert.com\/de\/wp-json\/wp\/v2\/users\/2"}],"replies":[{"embeddable":true,"href":"http:\/\/choiexpert.com\/de\/wp-json\/wp\/v2\/comments?post=7610"}],"version-history":[{"count":0,"href":"http:\/\/choiexpert.com\/de\/wp-json\/wp\/v2\/pages\/7610\/revisions"}],"wp:attachment":[{"href":"http:\/\/choiexpert.com\/de\/wp-json\/wp\/v2\/media?parent=7610"}],"curies":[{"name":"wp","href":"https:\/\/api.w.org\/{rel}","templated":true}]}}