{"id":7567,"date":"2025-07-25T10:08:49","date_gmt":"2025-07-25T10:08:49","guid":{"rendered":"https:\/\/choiexpert.com\/news\/"},"modified":"2026-01-01T16:31:07","modified_gmt":"2026-01-01T16:31:07","slug":"news","status":"publish","type":"page","link":"http:\/\/choiexpert.com\/de\/news\/","title":{"rendered":"NEWS"},"content":{"rendered":"\t\t<div data-elementor-type=\"wp-page\" data-elementor-id=\"7567\" class=\"elementor elementor-7567\" data-elementor-post-type=\"page\">\n\t\t\t\t<div class=\"elementor-element elementor-element-03adfff e-flex e-con-boxed elementor-invisible e-con e-parent\" data-id=\"03adfff\" data-element_type=\"container\" data-e-type=\"container\" data-settings=\"{&quot;background_background&quot;:&quot;classic&quot;,&quot;animation&quot;:&quot;fadeIn&quot;}\">\n\t\t\t\t\t<div class=\"e-con-inner\">\n\t\t\t\t<div class=\"elementor-element elementor-element-3336097 grad_text elementor-widget elementor-widget-heading\" data-id=\"3336097\" data-element_type=\"widget\" data-e-type=\"widget\" data-widget_type=\"heading.default\">\n\t\t\t\t<div class=\"elementor-widget-container\">\n\t\t\t\t\t<h2 class=\"elementor-heading-title elementor-size-default\"><span>NACHRICHTEN &amp;<\/span> ARTIKEL\n\n<\/h2>\t\t\t\t<\/div>\n\t\t\t\t<\/div>\n\t\t\t\t\t<\/div>\n\t\t\t\t<\/div>\n\t\t<div class=\"elementor-element elementor-element-f8909ac e-flex e-con-boxed e-con e-parent\" data-id=\"f8909ac\" data-element_type=\"container\" data-e-type=\"container\" data-settings=\"{&quot;background_background&quot;:&quot;classic&quot;}\">\n\t\t\t\t\t<div class=\"e-con-inner\">\n\t\t\t\t<div class=\"elementor-element elementor-element-2a56f54 elementor-grid-3 elementor-grid-tablet-2 elementor-grid-mobile-1 elementor-posts--thumbnail-top elementor-card-shadow-yes elementor-posts__hover-gradient elementor-widget elementor-widget-posts\" data-id=\"2a56f54\" data-element_type=\"widget\" data-e-type=\"widget\" data-settings=\"{&quot;cards_columns&quot;:&quot;3&quot;,&quot;cards_columns_tablet&quot;:&quot;2&quot;,&quot;cards_columns_mobile&quot;:&quot;1&quot;,&quot;cards_row_gap&quot;:{&quot;unit&quot;:&quot;px&quot;,&quot;size&quot;:35,&quot;sizes&quot;:[]},&quot;cards_row_gap_tablet&quot;:{&quot;unit&quot;:&quot;px&quot;,&quot;size&quot;:&quot;&quot;,&quot;sizes&quot;:[]},&quot;cards_row_gap_mobile&quot;:{&quot;unit&quot;:&quot;px&quot;,&quot;size&quot;:&quot;&quot;,&quot;sizes&quot;:[]}}\" data-widget_type=\"posts.cards\">\n\t\t\t\t<div class=\"elementor-widget-container\">\n\t\t\t\t\t\t\t<div class=\"elementor-posts-container elementor-posts elementor-posts--skin-cards elementor-grid\" role=\"list\">\n\t\t\t\t<article class=\"elementor-post elementor-grid-item post-7523 post type-post status-publish format-standard has-post-thumbnail hentry category-haarwiederherstellung\" role=\"listitem\">\n\t\t\t<div class=\"elementor-post__card\">\n\t\t\t\t<a class=\"elementor-post__thumbnail__link\" href=\"http:\/\/choiexpert.com\/de\/kliniken-fuer-unechte-haartransplantation-in-der-tuerkei\/\" tabindex=\"-1\" ><div class=\"elementor-post__thumbnail\"><img decoding=\"async\" width=\"300\" height=\"156\" src=\"http:\/\/choiexpert.com\/wp-content\/uploads\/2020\/02\/tu-stii-cine-te-opereaza-300x156.jpg\" class=\"attachment-medium size-medium wp-image-7524\" alt=\"\" srcset=\"http:\/\/choiexpert.com\/wp-content\/uploads\/2020\/02\/tu-stii-cine-te-opereaza-300x156.jpg 300w, http:\/\/choiexpert.com\/wp-content\/uploads\/2020\/02\/tu-stii-cine-te-opereaza-600x313.jpg 600w, http:\/\/choiexpert.com\/wp-content\/uploads\/2020\/02\/tu-stii-cine-te-opereaza.jpg 624w\" sizes=\"(max-width: 300px) 100vw, 300px\" \/><\/div><\/a>\n\t\t\t\t<div class=\"elementor-post__badge\">Haarwiederherstellung<\/div>\n\t\t\t\t<div class=\"elementor-post__text\">\n\t\t\t\t<h3 class=\"elementor-post__title\">\n\t\t\t<a href=\"http:\/\/choiexpert.com\/de\/kliniken-fuer-unechte-haartransplantation-in-der-tuerkei\/\" >\n\t\t\t\tKliniken f\u00fcr unechte Haartransplantation in der T\u00fcrkei\t\t\t<\/a>\n\t\t<\/h3>\n\t\t\t\t<div class=\"elementor-post__excerpt\">\n\t\t\t<p>ISHRS STARTET DIE KAMPAGNE &#8222;FIGHT THE FIGHT&#8220;, UM BETR\u00dcGERISCHE PRAKTIKEN BEI DER HAARWIEDERHERSTELLUNG WELTWEIT ZU BEK\u00c4MPFEN CHICAGO, IL. &#8211; November 1, 2019. In dem Bem\u00fchen,<\/p>\n\t\t<\/div>\n\t\t\n\t\t<a class=\"elementor-post__read-more\" href=\"http:\/\/choiexpert.com\/de\/kliniken-fuer-unechte-haartransplantation-in-der-tuerkei\/\" aria-label=\"Mehr \u00fcber Kliniken f\u00fcr unechte Haartransplantation in der T\u00fcrkei\" tabindex=\"-1\" >\n\t\t\tMehr lesen \"\t\t<\/a>\n\n\t\t\t\t<\/div>\n\t\t\t\t<div class=\"elementor-post__meta-data\">\n\t\t\t\t\t<span class=\"elementor-post-date\">\n\t\t\t25. Juli 2025\t\t<\/span>\n\t\t\t\t<span class=\"elementor-post-avatar\">\n\t\t\tKeine Kommentare\t\t<\/span>\n\t\t\t\t<\/div>\n\t\t\t\t\t<\/div>\n\t\t<\/article>\n\t\t\t\t<article class=\"elementor-post elementor-grid-item post-7501 post type-post status-publish format-standard has-post-thumbnail hentry category-nicht-kategorisiert\" role=\"listitem\">\n\t\t\t<div class=\"elementor-post__card\">\n\t\t\t\t<a class=\"elementor-post__thumbnail__link\" href=\"http:\/\/choiexpert.com\/de\/haarausfall\/\" tabindex=\"-1\" ><div class=\"elementor-post__thumbnail\"><img fetchpriority=\"high\" decoding=\"async\" width=\"300\" height=\"200\" src=\"http:\/\/choiexpert.com\/wp-content\/uploads\/2020\/02\/shutterstock_1175928631-300x200.jpg\" class=\"attachment-medium size-medium wp-image-7503\" alt=\"Hair loss\" srcset=\"http:\/\/choiexpert.com\/wp-content\/uploads\/2020\/02\/shutterstock_1175928631-300x200.jpg 300w, http:\/\/choiexpert.com\/wp-content\/uploads\/2020\/02\/shutterstock_1175928631-1024x683.jpg 1024w, http:\/\/choiexpert.com\/wp-content\/uploads\/2020\/02\/shutterstock_1175928631-768x513.jpg 768w, http:\/\/choiexpert.com\/wp-content\/uploads\/2020\/02\/shutterstock_1175928631-600x400.jpg 600w, http:\/\/choiexpert.com\/wp-content\/uploads\/2020\/02\/shutterstock_1175928631-1199x800.jpg 1199w, http:\/\/choiexpert.com\/wp-content\/uploads\/2020\/02\/shutterstock_1175928631-1536x1025.jpg 1536w, http:\/\/choiexpert.com\/wp-content\/uploads\/2020\/02\/shutterstock_1175928631-2048x1367.jpg 2048w\" sizes=\"(max-width: 300px) 100vw, 300px\" \/><\/div><\/a>\n\t\t\t\t<div class=\"elementor-post__badge\">Nicht kategorisiert<\/div>\n\t\t\t\t<div class=\"elementor-post__text\">\n\t\t\t\t<h3 class=\"elementor-post__title\">\n\t\t\t<a href=\"http:\/\/choiexpert.com\/de\/haarausfall\/\" >\n\t\t\t\tHaarausfall\t\t\t<\/a>\n\t\t<\/h3>\n\t\t\t\t<div class=\"elementor-post__excerpt\">\n\t\t\t<p>GR\u00dcNDE F\u00dcR HAARAUSFALL Alopezie, ein Begriff, der f\u00fcr d\u00fcnner werdendes Haar und Haarausfall verwendet wird, ist unglaublich h\u00e4ufig und es gibt eine Reihe von Faktoren,<\/p>\n\t\t<\/div>\n\t\t\n\t\t<a class=\"elementor-post__read-more\" href=\"http:\/\/choiexpert.com\/de\/haarausfall\/\" aria-label=\"Mehr \u00fcber Haarausfall\" tabindex=\"-1\" >\n\t\t\tMehr lesen \"\t\t<\/a>\n\n\t\t\t\t<\/div>\n\t\t\t\t<div class=\"elementor-post__meta-data\">\n\t\t\t\t\t<span class=\"elementor-post-date\">\n\t\t\t25. Juli 2025\t\t<\/span>\n\t\t\t\t<span class=\"elementor-post-avatar\">\n\t\t\tKeine Kommentare\t\t<\/span>\n\t\t\t\t<\/div>\n\t\t\t\t\t<\/div>\n\t\t<\/article>\n\t\t\t\t<\/div>\n\t\t\n\t\t\t\t\t\t<\/div>\n\t\t\t\t<\/div>\n\t\t\t\t\t<\/div>\n\t\t\t\t<\/div>\n\t\t\t\t<\/div>\n\t\t","protected":false},"excerpt":{"rendered":"<p>NACHRICHTEN &amp; ARTIKEL<\/p>\n","protected":false},"author":2,"featured_media":7570,"parent":0,"menu_order":0,"comment_status":"closed","ping_status":"closed","template":"elementor_header_footer","meta":{"inline_featured_image":false,"footnotes":""},"class_list":["post-7567","page","type-page","status-publish","has-post-thumbnail","hentry"],"yoast_head":"<!-- This site is optimized with the Yoast SEO plugin v27.0 - https:\/\/yoast.com\/product\/yoast-seo-wordpress\/ -->\n<title>NEWS - Experten f\u00fcr Haartransplantation% choiexpert.com<\/title>\n<meta name=\"description\" content=\"Sie suchen nach einer zuverl\u00e4ssigen Quelle f\u00fcr aktuelle Nachrichten? Bleiben Sie bei uns, um die neuesten Schlagzeilen, exklusive Berichte und zuverl\u00e4ssige Informationen zu erhalten.\" \/>\n<meta name=\"robots\" content=\"index, follow, max-snippet:-1, max-image-preview:large, max-video-preview:-1\" \/>\n<link rel=\"canonical\" href=\"https:\/\/choiexpert.com\/de\/news\/\" \/>\n<meta property=\"og:locale\" content=\"de_DE\" \/>\n<meta property=\"og:type\" content=\"article\" \/>\n<meta property=\"og:title\" content=\"NEWS - Experten f\u00fcr Haartransplantation% choiexpert.com\" \/>\n<meta property=\"og:description\" content=\"Sie suchen nach einer zuverl\u00e4ssigen Quelle f\u00fcr aktuelle Nachrichten? Bleiben Sie bei uns, um die neuesten Schlagzeilen, exklusive Berichte und zuverl\u00e4ssige Informationen zu erhalten.\" \/>\n<meta property=\"og:url\" content=\"https:\/\/choiexpert.com\/de\/news\/\" \/>\n<meta property=\"og:site_name\" content=\"Experten f\u00fcr Haartransplantation\" \/>\n<meta property=\"article:modified_time\" content=\"2026-01-01T16:31:07+00:00\" \/>\n<meta property=\"og:image\" content=\"https:\/\/choiexpert.com\/wp-content\/uploads\/2019\/03\/blog-banner5.png\" \/>\n\t<meta property=\"og:image:width\" content=\"1352\" \/>\n\t<meta property=\"og:image:height\" content=\"209\" \/>\n\t<meta property=\"og:image:type\" content=\"image\/png\" \/>\n<meta name=\"twitter:card\" content=\"summary_large_image\" \/>\n<script type=\"application\/ld+json\" class=\"yoast-schema-graph\">{\"@context\":\"https:\/\/schema.org\",\"@graph\":[{\"@type\":\"WebPage\",\"@id\":\"https:\/\/choiexpert.com\/de\/news\/\",\"url\":\"https:\/\/choiexpert.com\/de\/news\/\",\"name\":\"NEWS - Experten f\u00fcr Haartransplantation% choiexpert.com\",\"isPartOf\":{\"@id\":\"https:\/\/choiexpert.com\/el\/#website\"},\"primaryImageOfPage\":{\"@id\":\"https:\/\/choiexpert.com\/de\/news\/#primaryimage\"},\"image\":{\"@id\":\"https:\/\/choiexpert.com\/de\/news\/#primaryimage\"},\"thumbnailUrl\":\"http:\/\/choiexpert.com\/wp-content\/uploads\/2019\/03\/blog-banner5.png\",\"datePublished\":\"2025-07-25T10:08:49+00:00\",\"dateModified\":\"2026-01-01T16:31:07+00:00\",\"description\":\"Sie suchen nach einer zuverl\u00e4ssigen Quelle f\u00fcr aktuelle Nachrichten? Bleiben Sie bei uns, um die neuesten Schlagzeilen, exklusive Berichte und zuverl\u00e4ssige Informationen zu erhalten.\",\"breadcrumb\":{\"@id\":\"https:\/\/choiexpert.com\/de\/news\/#breadcrumb\"},\"inLanguage\":\"de\",\"potentialAction\":[{\"@type\":\"ReadAction\",\"target\":[\"https:\/\/choiexpert.com\/de\/news\/\"]}]},{\"@type\":\"ImageObject\",\"inLanguage\":\"de\",\"@id\":\"https:\/\/choiexpert.com\/de\/news\/#primaryimage\",\"url\":\"http:\/\/choiexpert.com\/wp-content\/uploads\/2019\/03\/blog-banner5.png\",\"contentUrl\":\"http:\/\/choiexpert.com\/wp-content\/uploads\/2019\/03\/blog-banner5.png\",\"width\":1352,\"height\":209,\"caption\":\"news\"},{\"@type\":\"BreadcrumbList\",\"@id\":\"https:\/\/choiexpert.com\/de\/news\/#breadcrumb\",\"itemListElement\":[{\"@type\":\"ListItem\",\"position\":1,\"name\":\"Startseite\",\"item\":\"https:\/\/choiexpert.com\/\"},{\"@type\":\"ListItem\",\"position\":2,\"name\":\"NEWS\"}]},{\"@type\":\"WebSite\",\"@id\":\"https:\/\/choiexpert.com\/el\/#website\",\"url\":\"https:\/\/choiexpert.com\/el\/\",\"name\":\"Experten f\u00fcr Haartransplantation\",\"description\":\"Zentrum f\u00fcr Haartransplantation und Haarausfall\",\"potentialAction\":[{\"@type\":\"SearchAction\",\"target\":{\"@type\":\"EntryPoint\",\"urlTemplate\":\"https:\/\/choiexpert.com\/el\/?s={search_term_string}\"},\"query-input\":{\"@type\":\"PropertyValueSpecification\",\"valueRequired\":true,\"valueName\":\"search_term_string\"}}],\"inLanguage\":\"de\"}]}<\/script>\n<!-- \/ Yoast SEO plugin. -->","yoast_head_json":{"title":"NEWS - Experten f\u00fcr Haartransplantation% choiexpert.com","description":"Sie suchen nach einer zuverl\u00e4ssigen Quelle f\u00fcr aktuelle Nachrichten? Bleiben Sie bei uns, um die neuesten Schlagzeilen, exklusive Berichte und zuverl\u00e4ssige Informationen zu erhalten.","robots":{"index":"index","follow":"follow","max-snippet":"max-snippet:-1","max-image-preview":"max-image-preview:large","max-video-preview":"max-video-preview:-1"},"canonical":"https:\/\/choiexpert.com\/de\/news\/","og_locale":"de_DE","og_type":"article","og_title":"NEWS - Experten f\u00fcr Haartransplantation% choiexpert.com","og_description":"Sie suchen nach einer zuverl\u00e4ssigen Quelle f\u00fcr aktuelle Nachrichten? Bleiben Sie bei uns, um die neuesten Schlagzeilen, exklusive Berichte und zuverl\u00e4ssige Informationen zu erhalten.","og_url":"https:\/\/choiexpert.com\/de\/news\/","og_site_name":"Experten f\u00fcr Haartransplantation","article_modified_time":"2026-01-01T16:31:07+00:00","og_image":[{"width":1352,"height":209,"url":"https:\/\/choiexpert.com\/wp-content\/uploads\/2019\/03\/blog-banner5.png","type":"image\/png"}],"twitter_card":"summary_large_image","schema":{"@context":"https:\/\/schema.org","@graph":[{"@type":"WebPage","@id":"https:\/\/choiexpert.com\/de\/news\/","url":"https:\/\/choiexpert.com\/de\/news\/","name":"NEWS - Experten f\u00fcr Haartransplantation% choiexpert.com","isPartOf":{"@id":"https:\/\/choiexpert.com\/el\/#website"},"primaryImageOfPage":{"@id":"https:\/\/choiexpert.com\/de\/news\/#primaryimage"},"image":{"@id":"https:\/\/choiexpert.com\/de\/news\/#primaryimage"},"thumbnailUrl":"http:\/\/choiexpert.com\/wp-content\/uploads\/2019\/03\/blog-banner5.png","datePublished":"2025-07-25T10:08:49+00:00","dateModified":"2026-01-01T16:31:07+00:00","description":"Sie suchen nach einer zuverl\u00e4ssigen Quelle f\u00fcr aktuelle Nachrichten? Bleiben Sie bei uns, um die neuesten Schlagzeilen, exklusive Berichte und zuverl\u00e4ssige Informationen zu erhalten.","breadcrumb":{"@id":"https:\/\/choiexpert.com\/de\/news\/#breadcrumb"},"inLanguage":"de","potentialAction":[{"@type":"ReadAction","target":["https:\/\/choiexpert.com\/de\/news\/"]}]},{"@type":"ImageObject","inLanguage":"de","@id":"https:\/\/choiexpert.com\/de\/news\/#primaryimage","url":"http:\/\/choiexpert.com\/wp-content\/uploads\/2019\/03\/blog-banner5.png","contentUrl":"http:\/\/choiexpert.com\/wp-content\/uploads\/2019\/03\/blog-banner5.png","width":1352,"height":209,"caption":"news"},{"@type":"BreadcrumbList","@id":"https:\/\/choiexpert.com\/de\/news\/#breadcrumb","itemListElement":[{"@type":"ListItem","position":1,"name":"Startseite","item":"https:\/\/choiexpert.com\/"},{"@type":"ListItem","position":2,"name":"NEWS"}]},{"@type":"WebSite","@id":"https:\/\/choiexpert.com\/el\/#website","url":"https:\/\/choiexpert.com\/el\/","name":"Experten f\u00fcr Haartransplantation","description":"Zentrum f\u00fcr Haartransplantation und Haarausfall","potentialAction":[{"@type":"SearchAction","target":{"@type":"EntryPoint","urlTemplate":"https:\/\/choiexpert.com\/el\/?s={search_term_string}"},"query-input":{"@type":"PropertyValueSpecification","valueRequired":true,"valueName":"search_term_string"}}],"inLanguage":"de"}]}},"_links":{"self":[{"href":"http:\/\/choiexpert.com\/de\/wp-json\/wp\/v2\/pages\/7567","targetHints":{"allow":["GET"]}}],"collection":[{"href":"http:\/\/choiexpert.com\/de\/wp-json\/wp\/v2\/pages"}],"about":[{"href":"http:\/\/choiexpert.com\/de\/wp-json\/wp\/v2\/types\/page"}],"author":[{"embeddable":true,"href":"http:\/\/choiexpert.com\/de\/wp-json\/wp\/v2\/users\/2"}],"replies":[{"embeddable":true,"href":"http:\/\/choiexpert.com\/de\/wp-json\/wp\/v2\/comments?post=7567"}],"version-history":[{"count":0,"href":"http:\/\/choiexpert.com\/de\/wp-json\/wp\/v2\/pages\/7567\/revisions"}],"wp:featuredmedia":[{"embeddable":true,"href":"http:\/\/choiexpert.com\/de\/wp-json\/wp\/v2\/media\/7570"}],"wp:attachment":[{"href":"http:\/\/choiexpert.com\/de\/wp-json\/wp\/v2\/media?parent=7567"}],"curies":[{"name":"wp","href":"https:\/\/api.w.org\/{rel}","templated":true}]}}