{"id":7504,"date":"2025-07-25T10:08:33","date_gmt":"2025-07-25T10:08:33","guid":{"rendered":"https:\/\/choiexpert.com\/prp-behandlung\/"},"modified":"2026-01-01T16:31:30","modified_gmt":"2026-01-01T16:31:30","slug":"prp-behandlung","status":"publish","type":"page","link":"http:\/\/choiexpert.com\/de\/prp-behandlung\/","title":{"rendered":"PRP-Behandlung"},"content":{"rendered":"\t\t<div data-elementor-type=\"wp-page\" data-elementor-id=\"7504\" class=\"elementor elementor-7504\" data-elementor-post-type=\"page\">\n\t\t\t\t<div class=\"elementor-element elementor-element-41a396e e-flex e-con-boxed elementor-invisible e-con e-parent\" data-id=\"41a396e\" data-element_type=\"container\" data-e-type=\"container\" data-settings=\"{&quot;background_background&quot;:&quot;classic&quot;,&quot;animation&quot;:&quot;fadeIn&quot;}\">\n\t\t\t\t\t<div class=\"e-con-inner\">\n\t\t\t\t<div class=\"elementor-element elementor-element-9797b7c grad_text elementor-widget elementor-widget-heading\" data-id=\"9797b7c\" data-element_type=\"widget\" data-e-type=\"widget\" data-widget_type=\"heading.default\">\n\t\t\t\t<div class=\"elementor-widget-container\">\n\t\t\t\t\t<h1 class=\"elementor-heading-title elementor-size-default\"><span>PRP-Behandlung <\/span>\n<\/h1>\t\t\t\t<\/div>\n\t\t\t\t<\/div>\n\t\t\t\t<div class=\"elementor-element elementor-element-6922577 elementor-widget elementor-widget-text-editor\" data-id=\"6922577\" data-element_type=\"widget\" data-e-type=\"widget\" data-widget_type=\"text-editor.default\">\n\t\t\t\t<div class=\"elementor-widget-container\">\n\t\t\t\t\t\t\t\t\t<section class=\"relative bg-gradient-to-br from-blue-50 to-white py-16 lg:py-24\" data-lov-id=\"src\/pages\/Index.tsx:9:6\" data-lov-name=\"section\" data-component-path=\"src\/pages\/Index.tsx\" data-component-line=\"9\" data-component-file=\"Index.tsx\" data-component-name=\"section\" data-component-content=\"%7B%22className%22%3A%22relative%20bg-gradient-to-br%20from-blue-50%20to-white%20py-16%20lg%3Apy-24%22%7D\"><div class=\"container mx-auto px-4\" data-lov-id=\"src\/pages\/Index.tsx:10:8\" data-lov-name=\"div\" data-component-path=\"src\/pages\/Index.tsx\" data-component-line=\"10\" data-component-file=\"Index.tsx\" data-component-name=\"div\" data-component-content=\"%7B%22className%22%3A%22container%20mx-auto%20px-4%22%7D\"><div class=\"max-w-4xl mx-auto text-center\" data-lov-id=\"src\/pages\/Index.tsx:11:10\" data-lov-name=\"div\" data-component-path=\"src\/pages\/Index.tsx\" data-component-line=\"11\" data-component-file=\"Index.tsx\" data-component-name=\"div\" data-component-content=\"%7B%22className%22%3A%22max-w-4xl%20mx-auto%20text-center%22%7D\"><p>In den letzten Jahren haben \u00c4rzte gelernt, dass der K\u00f6rper die F\u00e4higkeit hat, sich selbst zu heilen. Die PRP-Behandlung &#8211; die Thrombozyten-Reichs-Plasma-Therapie &#8211; ist eine Form der regenerativen Medizin, die sich diese F\u00e4higkeiten zunutze machen und die nat\u00fcrlichen Wachstumsfaktoren verst\u00e4rken kann, die Ihr K\u00f6rper zur Heilung von Gewebe einsetzt. <\/p><\/div><\/div><\/section>\t\t\t\t\t\t\t\t<\/div>\n\t\t\t\t<\/div>\n\t\t\t\t\t<\/div>\n\t\t\t\t<\/div>\n\t\t<div class=\"elementor-element elementor-element-92e0a57 e-flex e-con-boxed elementor-invisible e-con e-parent\" data-id=\"92e0a57\" data-element_type=\"container\" data-e-type=\"container\" data-settings=\"{&quot;background_background&quot;:&quot;classic&quot;,&quot;animation&quot;:&quot;fadeIn&quot;}\">\n\t\t\t\t\t<div class=\"e-con-inner\">\n\t\t<div class=\"elementor-element elementor-element-b88eb88 e-con-full e-flex e-con e-child\" data-id=\"b88eb88\" data-element_type=\"container\" data-e-type=\"container\">\n\t\t<div class=\"elementor-element elementor-element-ee55038 e-con-full hover_col e-flex e-con e-child\" data-id=\"ee55038\" data-element_type=\"container\" data-e-type=\"container\" data-settings=\"{&quot;background_background&quot;:&quot;gradient&quot;}\">\n\t\t\t\t<div class=\"elementor-element elementor-element-8ce7afb elementor-position-inline-start elementor-view-framed elementor-shape-circle elementor-mobile-position-block-start elementor-widget elementor-widget-icon-box\" data-id=\"8ce7afb\" data-element_type=\"widget\" data-e-type=\"widget\" data-widget_type=\"icon-box.default\">\n\t\t\t\t<div class=\"elementor-widget-container\">\n\t\t\t\t\t\t\t<div class=\"elementor-icon-box-wrapper\">\n\n\t\t\t\t\t\t<div class=\"elementor-icon-box-icon\">\n\t\t\t\t<span  class=\"elementor-icon\">\n\t\t\t\t<i aria-hidden=\"true\" class=\"far fa-gem\"><\/i>\t\t\t\t<\/span>\n\t\t\t<\/div>\n\t\t\t\n\t\t\t\t\t\t<div class=\"elementor-icon-box-content\">\n\n\t\t\t\t\t\t\t\t\t<h3 class=\"elementor-icon-box-title\">\n\t\t\t\t\t\t<span  >\n\t\t\t\t\t\t\tWas ist pl\u00e4ttchenreiches Plasma (PRP) und was sind PRP-Injektionen?\t\t\t\t\t\t<\/span>\n\t\t\t\t\t<\/h3>\n\t\t\t\t\n\t\t\t\t\n\t\t\t<\/div>\n\t\t\t\n\t\t<\/div>\n\t\t\t\t\t\t<\/div>\n\t\t\t\t<\/div>\n\t\t\t\t<div class=\"elementor-element elementor-element-86704f7 elementor-icon-list--layout-traditional elementor-list-item-link-full_width elementor-widget elementor-widget-icon-list\" data-id=\"86704f7\" data-element_type=\"widget\" data-e-type=\"widget\" data-widget_type=\"icon-list.default\">\n\t\t\t\t<div class=\"elementor-widget-container\">\n\t\t\t\t\t\t\t<ul class=\"elementor-icon-list-items\">\n\t\t\t\t\t\t\t<li class=\"elementor-icon-list-item\">\n\t\t\t\t\t\t\t\t\t\t<span class=\"elementor-icon-list-text\">Bei der Therapie mit pl\u00e4ttchenreichem Plasma (PRP) wird eine Konzentration von patienteneigenen Blutpl\u00e4ttchen injiziert, um das Wachstum der transplantierten Haarfollikel zu beschleunigen, den Haarausfall zu reduzieren und die Dichte des sch\u00fctteren Haares zu erh\u00f6hen. Auf diese Weise nutzen PRP-Injektionen das k\u00f6rpereigene Heilungssystem jedes einzelnen Patienten, um seine Probleme mit Haarausfall zu verbessern. <\/span>\n\t\t\t\t\t\t\t\t\t<\/li>\n\t\t\t\t\t\t<\/ul>\n\t\t\t\t\t\t<\/div>\n\t\t\t\t<\/div>\n\t\t\t\t<div class=\"elementor-element elementor-element-e6ea6fa elementor-icon-list--layout-traditional elementor-list-item-link-full_width elementor-widget elementor-widget-icon-list\" data-id=\"e6ea6fa\" data-element_type=\"widget\" data-e-type=\"widget\" data-widget_type=\"icon-list.default\">\n\t\t\t\t<div class=\"elementor-widget-container\">\n\t\t\t\t\t\t\t<ul class=\"elementor-icon-list-items\">\n\t\t\t\t\t\t\t<li class=\"elementor-icon-list-item\">\n\t\t\t\t\t\t\t\t\t\t<span class=\"elementor-icon-list-text\">PRP-Injektionen werden vorbereitet, indem ein bis mehrere R\u00f6hrchen Ihres eigenen Blutes durch eine Zentrifuge laufen, um die Blutpl\u00e4ttchen zu konzentrieren. Diese aktivierten Blutpl\u00e4ttchen werden dann direkt in den ausged\u00fcnnten Bereich injiziert. Dadurch werden Wachstumsfaktoren freigesetzt, die die Anzahl der reparativen Zellen, die Ihr K\u00f6rper produziert, stimulieren und erh\u00f6hen.  <\/span>\n\t\t\t\t\t\t\t\t\t<\/li>\n\t\t\t\t\t\t<\/ul>\n\t\t\t\t\t\t<\/div>\n\t\t\t\t<\/div>\n\t\t\t\t<div class=\"elementor-element elementor-element-7715b02 elementor-icon-list--layout-traditional elementor-list-item-link-full_width elementor-widget elementor-widget-icon-list\" data-id=\"7715b02\" data-element_type=\"widget\" data-e-type=\"widget\" data-widget_type=\"icon-list.default\">\n\t\t\t\t<div class=\"elementor-widget-container\">\n\t\t\t\t\t\t\t<ul class=\"elementor-icon-list-items\">\n\t\t\t\t\t\t\t<li class=\"elementor-icon-list-item\">\n\t\t\t\t\t\t\t\t\t\t<span class=\"elementor-icon-list-text\">Auf diese Weise k\u00f6nnen wir Haarausfall verhindern und die \u00dcberlebensrate der transplantierten Haarfollikel erh\u00f6hen. Die Prp-Therapie ist ideal f\u00fcr Patienten, die mit Haarausfall konfrontiert sind und keine wirklichen L\u00fccken, sondern viele d\u00fcnne Haare haben, die ihre Haardichte verringern, aber auch f\u00fcr Patienten, die eine Haartransplantation haben und das Haarwachstum maximieren und beschleunigen und gleichzeitig weiteren Haarausfall in der Zukunft verhindern m\u00f6chten. <\/span>\n\t\t\t\t\t\t\t\t\t<\/li>\n\t\t\t\t\t\t<\/ul>\n\t\t\t\t\t\t<\/div>\n\t\t\t\t<\/div>\n\t\t\t\t<\/div>\n\t\t\t\t<\/div>\n\t\t<div class=\"elementor-element elementor-element-a3e5fd7 e-con-full e-flex e-con e-child\" data-id=\"a3e5fd7\" data-element_type=\"container\" data-e-type=\"container\">\n\t\t<div class=\"elementor-element elementor-element-ee4908e e-con-full e-flex e-con e-child\" data-id=\"ee4908e\" data-element_type=\"container\" data-e-type=\"container\" data-settings=\"{&quot;background_background&quot;:&quot;gradient&quot;}\">\n\t\t\t\t<div class=\"elementor-element elementor-element-aa155dc elementor-position-inline-start elementor-view-default elementor-mobile-position-block-start elementor-widget elementor-widget-icon-box\" data-id=\"aa155dc\" data-element_type=\"widget\" data-e-type=\"widget\" data-widget_type=\"icon-box.default\">\n\t\t\t\t<div class=\"elementor-widget-container\">\n\t\t\t\t\t\t\t<div class=\"elementor-icon-box-wrapper\">\n\n\t\t\t\t\t\t<div class=\"elementor-icon-box-icon\">\n\t\t\t\t<span  class=\"elementor-icon\">\n\t\t\t\t<i aria-hidden=\"true\" class=\"fas fa-circle-notch\"><\/i>\t\t\t\t<\/span>\n\t\t\t<\/div>\n\t\t\t\n\t\t\t\t\t\t<div class=\"elementor-icon-box-content\">\n\n\t\t\t\t\t\t\t\t\t<h3 class=\"elementor-icon-box-title\">\n\t\t\t\t\t\t<span  >\n\t\t\t\t\t\t\tWas ist Blutplasma und was sind Blutpl\u00e4ttchen?\t\t\t\t\t\t<\/span>\n\t\t\t\t\t<\/h3>\n\t\t\t\t\n\t\t\t\t\n\t\t\t<\/div>\n\t\t\t\n\t\t<\/div>\n\t\t\t\t\t\t<\/div>\n\t\t\t\t<\/div>\n\t\t\t\t<div class=\"elementor-element elementor-element-a57263c elementor-widget elementor-widget-text-editor\" data-id=\"a57263c\" data-element_type=\"widget\" data-e-type=\"widget\" data-widget_type=\"text-editor.default\">\n\t\t\t\t<div class=\"elementor-widget-container\">\n\t\t\t\t\t\t\t\t\t<div class=\"rounded-lg border bg-card text-card-foreground shadow-sm border-l-4 border-l-purple-600 hover:shadow-xl transition-all duration-300\" data-lov-id=\"src\/pages\/Index.tsx:225:14\" data-lov-name=\"Card\" data-component-path=\"src\/pages\/Index.tsx\" data-component-line=\"225\" data-component-file=\"Index.tsx\" data-component-name=\"Card\" data-component-content=\"%7B%22className%22%3A%22border-l-4%20border-l-purple-600%20hover%3Ashadow-xl%20transition-all%20duration-300%22%7D\"><div class=\"p-8\" data-lov-id=\"src\/pages\/Index.tsx:226:16\" data-lov-name=\"CardContent\" data-component-path=\"src\/pages\/Index.tsx\" data-component-line=\"226\" data-component-file=\"Index.tsx\" data-component-name=\"CardContent\" data-component-content=\"%7B%22className%22%3A%22p-8%22%7D\"><p class=\"text-teal-100 text-lg leading-relaxed mb-6\" data-lov-id=\"src\/pages\/Index.tsx:936:16\" data-lov-name=\"p\" data-component-path=\"src\/pages\/Index.tsx\" data-component-line=\"936\" data-component-file=\"Index.tsx\" data-component-name=\"p\" data-component-content=\"%7B%22text%22%3A%22Regarding%20the%20storage%20of%20the%20extracted%20grafts%2C%20HypoThermosol%20is%20the%20leading%20graft%20holding%20solution%20%5Cn%20%20%20%20%20%20%20%20%20%20%20%20%20%20%20%20%20%20and%20it%20is%20the%20one%20that%20ChoiExperts%20trust.%22%2C%22className%22%3A%22text-teal-100%20text-lg%20leading-relaxed%20mb-6%22%7D\">Plasma ist der fl\u00fcssige Anteil des Vollbluts. Es besteht gr\u00f6\u00dftenteils aus Wasser und Proteinen und dient als Medium f\u00fcr die roten und wei\u00dfen Blutk\u00f6rperchen sowie die Blutpl\u00e4ttchen, die im K\u00f6rper zirkulieren. Thrombozyten, auch Thrombozyten genannt, sind Blutzellen, die Blutgerinnsel und andere notwendige Wachstums- und Heilungsfunktionen verursachen.<br>Die Aktivierung der Thrombozyten spielt eine Schl\u00fcsselrolle im nat\u00fcrlichen Heilungsprozess des K\u00f6rpers.  <\/p><\/div><\/div>\t\t\t\t\t\t\t\t<\/div>\n\t\t\t\t<\/div>\n\t\t\t\t<\/div>\n\t\t\t\t<\/div>\n\t\t\t\t\t<\/div>\n\t\t\t\t<\/div>\n\t\t<div class=\"elementor-element elementor-element-880d460 elementor-hidden-tablet elementor-hidden-mobile e-flex e-con-boxed elementor-invisible e-con e-parent\" data-id=\"880d460\" data-element_type=\"container\" data-e-type=\"container\" data-settings=\"{&quot;background_background&quot;:&quot;gradient&quot;,&quot;animation&quot;:&quot;fadeIn&quot;}\">\n\t\t\t\t\t<div class=\"e-con-inner\">\n\t\t<div class=\"elementor-element elementor-element-9c0b648 e-con-full e-flex e-con e-child\" data-id=\"9c0b648\" data-element_type=\"container\" data-e-type=\"container\">\n\t\t\t\t<div class=\"elementor-element elementor-element-66592ce elementor-widget elementor-widget-heading\" data-id=\"66592ce\" data-element_type=\"widget\" data-e-type=\"widget\" data-widget_type=\"heading.default\">\n\t\t\t\t<div class=\"elementor-widget-container\">\n\t\t\t\t\t<h2 class=\"elementor-heading-title elementor-size-default\">Brauchen Sie Hilfe?<\/h2>\t\t\t\t<\/div>\n\t\t\t\t<\/div>\n\t\t\t\t<\/div>\n\t\t<div class=\"elementor-element elementor-element-d722f65 e-con-full e-flex e-con e-child\" data-id=\"d722f65\" data-element_type=\"container\" data-e-type=\"container\">\n\t\t\t\t<div class=\"elementor-element elementor-element-a37b962 elementor-widget elementor-widget-text-editor\" data-id=\"a37b962\" data-element_type=\"widget\" data-e-type=\"widget\" data-widget_type=\"text-editor.default\">\n\t\t\t\t<div class=\"elementor-widget-container\">\n\t\t\t\t\t\t\t\t\t<p>Beginnen Sie noch heute mit einer kostenlosen Online-Beratung!<br>Entdecken Sie, wie ChoiExpert Ihnen helfen kann, Ihr Haar und Ihr Selbstvertrauen wiederherzustellen.<\/p>\t\t\t\t\t\t\t\t<\/div>\n\t\t\t\t<\/div>\n\t\t\t\t<\/div>\n\t\t<div class=\"elementor-element elementor-element-f1d5610 e-con-full e-flex e-con e-child\" data-id=\"f1d5610\" data-element_type=\"container\" data-e-type=\"container\">\n\t\t\t\t<div class=\"elementor-element elementor-element-51b4cc0 elementor-align-right elementor-widget elementor-widget-button\" data-id=\"51b4cc0\" data-element_type=\"widget\" data-e-type=\"widget\" data-widget_type=\"button.default\">\n\t\t\t\t<div class=\"elementor-widget-container\">\n\t\t\t\t\t\t\t\t\t<div class=\"elementor-button-wrapper\">\n\t\t\t\t\t<a class=\"elementor-button elementor-button-link elementor-size-sm\" href=\"https:\/\/forms.monday.com\/forms\/9140505a5d5390a8d62656d1fab476b8?r=euc1\" target=\"_blank\">\n\t\t\t\t\t\t<span class=\"elementor-button-content-wrapper\">\n\t\t\t\t\t\t\t\t\t<span class=\"elementor-button-text\">R\u00fcckruf anfordern<\/span>\n\t\t\t\t\t<\/span>\n\t\t\t\t\t<\/a>\n\t\t\t\t<\/div>\n\t\t\t\t\t\t\t\t<\/div>\n\t\t\t\t<\/div>\n\t\t\t\t<\/div>\n\t\t\t\t\t<\/div>\n\t\t\t\t<\/div>\n\t\t<div class=\"elementor-element elementor-element-c7c578e elementor-hidden-desktop e-flex e-con-boxed elementor-invisible e-con e-parent\" data-id=\"c7c578e\" data-element_type=\"container\" data-e-type=\"container\" data-settings=\"{&quot;background_background&quot;:&quot;gradient&quot;,&quot;animation&quot;:&quot;fadeIn&quot;}\">\n\t\t\t\t\t<div class=\"e-con-inner\">\n\t\t<div class=\"elementor-element elementor-element-ed5c41c e-con-full e-flex e-con e-child\" data-id=\"ed5c41c\" data-element_type=\"container\" data-e-type=\"container\">\n\t\t\t\t<div class=\"elementor-element elementor-element-8629d15 elementor-widget elementor-widget-heading\" data-id=\"8629d15\" data-element_type=\"widget\" data-e-type=\"widget\" data-widget_type=\"heading.default\">\n\t\t\t\t<div class=\"elementor-widget-container\">\n\t\t\t\t\t<h2 class=\"elementor-heading-title elementor-size-default\">Brauchen Sie Hilfe?<\/h2>\t\t\t\t<\/div>\n\t\t\t\t<\/div>\n\t\t\t\t<div class=\"elementor-element elementor-element-b69bcdb elementor-widget elementor-widget-text-editor\" data-id=\"b69bcdb\" data-element_type=\"widget\" data-e-type=\"widget\" data-widget_type=\"text-editor.default\">\n\t\t\t\t<div class=\"elementor-widget-container\">\n\t\t\t\t\t\t\t\t\t<p>Beginnen Sie noch heute mit einer kostenlosen Online-Beratung!<br>Entdecken Sie, wie ChoiExpert Ihnen helfen kann, Ihr Haar und Ihr Selbstvertrauen wiederherzustellen.<\/p>\t\t\t\t\t\t\t\t<\/div>\n\t\t\t\t<\/div>\n\t\t\t\t<div class=\"elementor-element elementor-element-b9804d1 elementor-align-center elementor-widget elementor-widget-button\" data-id=\"b9804d1\" data-element_type=\"widget\" data-e-type=\"widget\" data-widget_type=\"button.default\">\n\t\t\t\t<div class=\"elementor-widget-container\">\n\t\t\t\t\t\t\t\t\t<div class=\"elementor-button-wrapper\">\n\t\t\t\t\t<a class=\"elementor-button elementor-button-link elementor-size-sm\" href=\"https:\/\/forms.monday.com\/forms\/9140505a5d5390a8d62656d1fab476b8?r=euc1\" target=\"_blank\">\n\t\t\t\t\t\t<span class=\"elementor-button-content-wrapper\">\n\t\t\t\t\t\t\t\t\t<span class=\"elementor-button-text\">R\u00fcckruf anfordern<\/span>\n\t\t\t\t\t<\/span>\n\t\t\t\t\t<\/a>\n\t\t\t\t<\/div>\n\t\t\t\t\t\t\t\t<\/div>\n\t\t\t\t<\/div>\n\t\t\t\t<\/div>\n\t\t\t\t\t<\/div>\n\t\t\t\t<\/div>\n\t\t\t\t<\/div>\n\t\t","protected":false},"excerpt":{"rendered":"<p>PRP-Behandlung In den letzten Jahren haben \u00c4rzte gelernt, dass der K\u00f6rper die F\u00e4higkeit hat, sich selbst zu heilen. Die PRP-Behandlung &#8211; die Thrombozyten-Reichs-Plasma-Therapie &#8211; ist eine Form der regenerativen Medizin, die sich diese F\u00e4higkeiten zunutze machen und die nat\u00fcrlichen Wachstumsfaktoren verst\u00e4rken kann, die Ihr K\u00f6rper zur Heilung von Gewebe einsetzt. Was ist pl\u00e4ttchenreiches Plasma (PRP) [&hellip;]<\/p>\n","protected":false},"author":2,"featured_media":7507,"parent":0,"menu_order":0,"comment_status":"closed","ping_status":"closed","template":"elementor_header_footer","meta":{"inline_featured_image":false,"footnotes":""},"class_list":["post-7504","page","type-page","status-publish","has-post-thumbnail","hentry"],"yoast_head":"<!-- This site is optimized with the Yoast SEO plugin v27.0 - https:\/\/yoast.com\/product\/yoast-seo-wordpress\/ -->\n<title>PRP-Behandlung - Experten f\u00fcr Haartransplantation ChoiExpert.com<\/title>\n<meta name=\"description\" content=\"In den letzten Jahren haben die \u00c4rzte gelernt, dass der K\u00f6rper die F\u00e4higkeit hat, sich selbst zu heilen. PRP-Behandlung Die pl\u00e4ttchenreiche Plasmatherapie ist eine Form der\" \/>\n<meta name=\"robots\" content=\"index, follow, max-snippet:-1, max-image-preview:large, max-video-preview:-1\" \/>\n<link rel=\"canonical\" href=\"https:\/\/choiexpert.com\/de\/prp-behandlung\/\" \/>\n<meta property=\"og:locale\" content=\"de_DE\" \/>\n<meta property=\"og:type\" content=\"article\" \/>\n<meta property=\"og:title\" content=\"PRP-Behandlung - Experten f\u00fcr Haartransplantation ChoiExpert.com\" \/>\n<meta property=\"og:description\" content=\"In den letzten Jahren haben die \u00c4rzte gelernt, dass der K\u00f6rper die F\u00e4higkeit hat, sich selbst zu heilen. PRP-Behandlung Die pl\u00e4ttchenreiche Plasmatherapie ist eine Form der\" \/>\n<meta property=\"og:url\" content=\"https:\/\/choiexpert.com\/de\/prp-behandlung\/\" \/>\n<meta property=\"og:site_name\" content=\"Experten f\u00fcr Haartransplantation\" \/>\n<meta property=\"article:modified_time\" content=\"2026-01-01T16:31:30+00:00\" \/>\n<meta property=\"og:image\" content=\"https:\/\/choiexpert.com\/wp-content\/uploads\/2020\/02\/PRP-B.jpg\" \/>\n\t<meta property=\"og:image:width\" content=\"1010\" \/>\n\t<meta property=\"og:image:height\" content=\"209\" \/>\n\t<meta property=\"og:image:type\" content=\"image\/jpeg\" \/>\n<meta name=\"twitter:card\" content=\"summary_large_image\" \/>\n<meta name=\"twitter:label1\" content=\"Gesch\u00e4tzte Lesezeit\" \/>\n\t<meta name=\"twitter:data1\" content=\"2\u00a0Minuten\" \/>\n<script type=\"application\/ld+json\" class=\"yoast-schema-graph\">{\"@context\":\"https:\/\/schema.org\",\"@graph\":[{\"@type\":\"WebPage\",\"@id\":\"https:\/\/choiexpert.com\/de\/prp-behandlung\/\",\"url\":\"https:\/\/choiexpert.com\/de\/prp-behandlung\/\",\"name\":\"PRP-Behandlung - Experten f\u00fcr Haartransplantation ChoiExpert.com\",\"isPartOf\":{\"@id\":\"https:\/\/choiexpert.com\/#website\"},\"primaryImageOfPage\":{\"@id\":\"https:\/\/choiexpert.com\/de\/prp-behandlung\/#primaryimage\"},\"image\":{\"@id\":\"https:\/\/choiexpert.com\/de\/prp-behandlung\/#primaryimage\"},\"thumbnailUrl\":\"http:\/\/choiexpert.com\/wp-content\/uploads\/2020\/02\/PRP-B.jpg\",\"datePublished\":\"2025-07-25T10:08:33+00:00\",\"dateModified\":\"2026-01-01T16:31:30+00:00\",\"description\":\"In den letzten Jahren haben die \u00c4rzte gelernt, dass der K\u00f6rper die F\u00e4higkeit hat, sich selbst zu heilen. PRP-Behandlung Die pl\u00e4ttchenreiche Plasmatherapie ist eine Form der\",\"breadcrumb\":{\"@id\":\"https:\/\/choiexpert.com\/de\/prp-behandlung\/#breadcrumb\"},\"inLanguage\":\"de\",\"potentialAction\":[{\"@type\":\"ReadAction\",\"target\":[\"https:\/\/choiexpert.com\/de\/prp-behandlung\/\"]}]},{\"@type\":\"ImageObject\",\"inLanguage\":\"de\",\"@id\":\"https:\/\/choiexpert.com\/de\/prp-behandlung\/#primaryimage\",\"url\":\"http:\/\/choiexpert.com\/wp-content\/uploads\/2020\/02\/PRP-B.jpg\",\"contentUrl\":\"http:\/\/choiexpert.com\/wp-content\/uploads\/2020\/02\/PRP-B.jpg\",\"width\":1010,\"height\":209,\"caption\":\"PRP Treatment\"},{\"@type\":\"BreadcrumbList\",\"@id\":\"https:\/\/choiexpert.com\/de\/prp-behandlung\/#breadcrumb\",\"itemListElement\":[{\"@type\":\"ListItem\",\"position\":1,\"name\":\"Startseite\",\"item\":\"https:\/\/choiexpert.com\/\"},{\"@type\":\"ListItem\",\"position\":2,\"name\":\"PRP-Behandlung\"}]},{\"@type\":\"WebSite\",\"@id\":\"https:\/\/choiexpert.com\/#website\",\"url\":\"https:\/\/choiexpert.com\/\",\"name\":\"Experten f\u00fcr Haartransplantation\",\"description\":\"Zentrum f\u00fcr Haartransplantation und Haarausfall\",\"potentialAction\":[{\"@type\":\"SearchAction\",\"target\":{\"@type\":\"EntryPoint\",\"urlTemplate\":\"https:\/\/choiexpert.com\/?s={search_term_string}\"},\"query-input\":{\"@type\":\"PropertyValueSpecification\",\"valueRequired\":true,\"valueName\":\"search_term_string\"}}],\"inLanguage\":\"de\"}]}<\/script>\n<!-- \/ Yoast SEO plugin. -->","yoast_head_json":{"title":"PRP-Behandlung - Experten f\u00fcr Haartransplantation ChoiExpert.com","description":"In den letzten Jahren haben die \u00c4rzte gelernt, dass der K\u00f6rper die F\u00e4higkeit hat, sich selbst zu heilen. PRP-Behandlung Die pl\u00e4ttchenreiche Plasmatherapie ist eine Form der","robots":{"index":"index","follow":"follow","max-snippet":"max-snippet:-1","max-image-preview":"max-image-preview:large","max-video-preview":"max-video-preview:-1"},"canonical":"https:\/\/choiexpert.com\/de\/prp-behandlung\/","og_locale":"de_DE","og_type":"article","og_title":"PRP-Behandlung - Experten f\u00fcr Haartransplantation ChoiExpert.com","og_description":"In den letzten Jahren haben die \u00c4rzte gelernt, dass der K\u00f6rper die F\u00e4higkeit hat, sich selbst zu heilen. PRP-Behandlung Die pl\u00e4ttchenreiche Plasmatherapie ist eine Form der","og_url":"https:\/\/choiexpert.com\/de\/prp-behandlung\/","og_site_name":"Experten f\u00fcr Haartransplantation","article_modified_time":"2026-01-01T16:31:30+00:00","og_image":[{"width":1010,"height":209,"url":"https:\/\/choiexpert.com\/wp-content\/uploads\/2020\/02\/PRP-B.jpg","type":"image\/jpeg"}],"twitter_card":"summary_large_image","twitter_misc":{"Gesch\u00e4tzte Lesezeit":"2\u00a0Minuten"},"schema":{"@context":"https:\/\/schema.org","@graph":[{"@type":"WebPage","@id":"https:\/\/choiexpert.com\/de\/prp-behandlung\/","url":"https:\/\/choiexpert.com\/de\/prp-behandlung\/","name":"PRP-Behandlung - Experten f\u00fcr Haartransplantation ChoiExpert.com","isPartOf":{"@id":"https:\/\/choiexpert.com\/#website"},"primaryImageOfPage":{"@id":"https:\/\/choiexpert.com\/de\/prp-behandlung\/#primaryimage"},"image":{"@id":"https:\/\/choiexpert.com\/de\/prp-behandlung\/#primaryimage"},"thumbnailUrl":"http:\/\/choiexpert.com\/wp-content\/uploads\/2020\/02\/PRP-B.jpg","datePublished":"2025-07-25T10:08:33+00:00","dateModified":"2026-01-01T16:31:30+00:00","description":"In den letzten Jahren haben die \u00c4rzte gelernt, dass der K\u00f6rper die F\u00e4higkeit hat, sich selbst zu heilen. PRP-Behandlung Die pl\u00e4ttchenreiche Plasmatherapie ist eine Form der","breadcrumb":{"@id":"https:\/\/choiexpert.com\/de\/prp-behandlung\/#breadcrumb"},"inLanguage":"de","potentialAction":[{"@type":"ReadAction","target":["https:\/\/choiexpert.com\/de\/prp-behandlung\/"]}]},{"@type":"ImageObject","inLanguage":"de","@id":"https:\/\/choiexpert.com\/de\/prp-behandlung\/#primaryimage","url":"http:\/\/choiexpert.com\/wp-content\/uploads\/2020\/02\/PRP-B.jpg","contentUrl":"http:\/\/choiexpert.com\/wp-content\/uploads\/2020\/02\/PRP-B.jpg","width":1010,"height":209,"caption":"PRP Treatment"},{"@type":"BreadcrumbList","@id":"https:\/\/choiexpert.com\/de\/prp-behandlung\/#breadcrumb","itemListElement":[{"@type":"ListItem","position":1,"name":"Startseite","item":"https:\/\/choiexpert.com\/"},{"@type":"ListItem","position":2,"name":"PRP-Behandlung"}]},{"@type":"WebSite","@id":"https:\/\/choiexpert.com\/#website","url":"https:\/\/choiexpert.com\/","name":"Experten f\u00fcr Haartransplantation","description":"Zentrum f\u00fcr Haartransplantation und Haarausfall","potentialAction":[{"@type":"SearchAction","target":{"@type":"EntryPoint","urlTemplate":"https:\/\/choiexpert.com\/?s={search_term_string}"},"query-input":{"@type":"PropertyValueSpecification","valueRequired":true,"valueName":"search_term_string"}}],"inLanguage":"de"}]}},"_links":{"self":[{"href":"http:\/\/choiexpert.com\/de\/wp-json\/wp\/v2\/pages\/7504","targetHints":{"allow":["GET"]}}],"collection":[{"href":"http:\/\/choiexpert.com\/de\/wp-json\/wp\/v2\/pages"}],"about":[{"href":"http:\/\/choiexpert.com\/de\/wp-json\/wp\/v2\/types\/page"}],"author":[{"embeddable":true,"href":"http:\/\/choiexpert.com\/de\/wp-json\/wp\/v2\/users\/2"}],"replies":[{"embeddable":true,"href":"http:\/\/choiexpert.com\/de\/wp-json\/wp\/v2\/comments?post=7504"}],"version-history":[{"count":0,"href":"http:\/\/choiexpert.com\/de\/wp-json\/wp\/v2\/pages\/7504\/revisions"}],"wp:featuredmedia":[{"embeddable":true,"href":"http:\/\/choiexpert.com\/de\/wp-json\/wp\/v2\/media\/7507"}],"wp:attachment":[{"href":"http:\/\/choiexpert.com\/de\/wp-json\/wp\/v2\/media?parent=7504"}],"curies":[{"name":"wp","href":"https:\/\/api.w.org\/{rel}","templated":true}]}}